{"id":965,"date":"2025-03-04T11:39:38","date_gmt":"2025-03-04T09:39:38","guid":{"rendered":"https:\/\/www.paramedica.lt\/?page_id=965"},"modified":"2025-06-05T12:47:19","modified_gmt":"2025-06-05T10:47:19","slug":"infekciju-kontrolei-ligoninei","status":"publish","type":"page","link":"https:\/\/www.paramedica.lt\/index.php\/infekciju-kontrolei-ligoninei\/","title":{"rendered":"Infekcij\u0173 kontrolei ligoninei"},"content":{"rendered":"\n<section id=\"g-eurq1ec\" class=\"wp-block-gutentor-m4 section-g-eurq1ec gutentor-module gutentor-advanced-columns g-pos-r-desktop g-pos-d-tablet g-pos-d-mobile g-pos-custom-desktop wow slideInUp\" data-wow-animation=\"slideInUp\" data-wow-iteration=\"1\"><div class=\"grid-container\"><div class=\"grid-row\">\n<div id=\"col-g-c8q3il8\" class=\"wp-block-gutentor-m4-col col-g-c8q3il8 gutentor-single-column  grid-lg-3 grid-md-6 grid-6\"><div id=\"section-g-c8q3il8\" class=\"section-g-c8q3il8 gutentor-col-wrap\">\n<div id=\"section-g-91987e7\" class=\"wp-block-gutentor-e6 section-g-91987e7 gutentor-element gutentor-element-image\"><div class=\"gutentor-element-image-box\"><a class=\"gutentor-element-image-link\" href=\"https:\/\/www.paramedica.lt\/index.php\/isoark-n36-4-biologines-apsaugos-kamera\/\"><div class=\"gutentor-image-thumb\"><img data-recalc-dims=\"1\" decoding=\"async\" class=\"normal-image\" src=\"https:\/\/i0.wp.com\/www.paramedica.lt\/wp-content\/uploads\/2021\/11\/6659_max_a6b0.jpg?w=640&#038;ssl=1\" alt=\"Infekcij\u0173 kontrolei\"\/><\/div><\/a><\/div><\/div>\n\n\n\n<div id=\"section-g-in0yoyy\" class=\"wp-block-gutentor-e1 section-g-in0yoyy gutentor-element gutentor-element-advanced-text text-align-center-desktop text-align-center-tablet text-align-center-mobile\"><div class=\"gutentor-text-wrap\"><p class=\"gutentor-text\"><a href=\"https:\/\/www.paramedica.lt\/index.php\/isoark-n36-4-biologines-apsaugos-kamera\/\">IsoArk N36-4 Biologin\u0117s apsaugos kamera<\/a><\/p><\/div><\/div>\n<\/div><\/div>\n\n\n\n<div id=\"col-g-ss21b1v\" class=\"wp-block-gutentor-m4-col col-g-ss21b1v gutentor-single-column  grid-lg-3 grid-md-6 grid-6\"><div id=\"section-g-ss21b1v\" class=\"section-g-ss21b1v gutentor-col-wrap\"><\/div><\/div>\n\n\n\n<div id=\"col-g-1u1zx11\" class=\"wp-block-gutentor-m4-col col-g-1u1zx11 gutentor-single-column  grid-lg-3 grid-md-6 grid-6\"><div id=\"section-g-1u1zx11\" class=\"section-g-1u1zx11 gutentor-col-wrap\"><\/div><\/div>\n\n\n\n<div id=\"col-g-5cs8ff8\" class=\"wp-block-gutentor-m4-col col-g-5cs8ff8 gutentor-single-column  grid-lg-3 grid-md-6 grid-6\"><div id=\"section-g-5cs8ff8\" class=\"section-g-5cs8ff8 gutentor-col-wrap\"><\/div><\/div>\n<\/div><\/div><\/section>\n\n\n\n<p class=\"has-medium-font-size\"><\/p>\n","protected":false},"excerpt":{"rendered":"","protected":false},"author":1,"featured_media":0,"parent":0,"menu_order":0,"comment_status":"closed","ping_status":"closed","template":"","meta":{"footnotes":""},"class_list":["post-965","page","type-page","status-publish","hentry"],"yoast_head":"<!-- This site is optimized with the Yoast SEO plugin v27.5 - https:\/\/yoast.com\/product\/yoast-seo-wordpress\/ -->\n<title>Infekcij\u0173 kontrolei ligoninei - Paramedica Lietuva Infekcij\u0173 kontrol\u0117s \u012franga<\/title>\n<meta name=\"description\" content=\"Auk\u0161tos kokyb\u0117s infekcij\u0173 kontrol\u0117s \u012franga. Patikimi sprendimai medicinos specialistams. U\u017etikrinkite efektyvi\u0105 infekcij\u0173 prevencij\u0105.\" \/>\n<meta name=\"robots\" content=\"index, follow, max-snippet:-1, max-image-preview:large, max-video-preview:-1\" \/>\n<link rel=\"canonical\" href=\"https:\/\/www.paramedica.lt\/index.php\/infekciju-kontrolei-ligoninei\/\" \/>\n<meta property=\"og:locale\" content=\"lt_LT\" \/>\n<meta property=\"og:type\" content=\"article\" \/>\n<meta property=\"og:title\" content=\"Infekcij\u0173 kontrolei ligoninei - Paramedica Lietuva Infekcij\u0173 kontrol\u0117s \u012franga\" \/>\n<meta property=\"og:description\" content=\"Auk\u0161tos kokyb\u0117s infekcij\u0173 kontrol\u0117s \u012franga. Patikimi sprendimai medicinos specialistams. U\u017etikrinkite efektyvi\u0105 infekcij\u0173 prevencij\u0105.\" \/>\n<meta property=\"og:url\" content=\"https:\/\/www.paramedica.lt\/index.php\/infekciju-kontrolei-ligoninei\/\" \/>\n<meta property=\"og:site_name\" content=\"Paramedica Lietuva\" \/>\n<meta property=\"article:modified_time\" content=\"2025-06-05T10:47:19+00:00\" \/>\n<meta property=\"og:image\" content=\"https:\/\/www.paramedica.lt\/wp-content\/uploads\/2021\/11\/6659_max_a6b0.jpg\" \/>\n<meta name=\"twitter:card\" content=\"summary_large_image\" \/>\n<script type=\"application\/ld+json\" class=\"yoast-schema-graph\">{\"@context\":\"https:\\\/\\\/schema.org\",\"@graph\":[{\"@type\":\"WebPage\",\"@id\":\"https:\\\/\\\/www.paramedica.lt\\\/index.php\\\/infekciju-kontrolei-ligoninei\\\/\",\"url\":\"https:\\\/\\\/www.paramedica.lt\\\/index.php\\\/infekciju-kontrolei-ligoninei\\\/\",\"name\":\"Infekcij\u0173 kontrolei ligoninei - Paramedica Lietuva Infekcij\u0173 kontrol\u0117s \u012franga\",\"isPartOf\":{\"@id\":\"https:\\\/\\\/www.paramedica.lt\\\/#website\"},\"primaryImageOfPage\":{\"@id\":\"https:\\\/\\\/www.paramedica.lt\\\/index.php\\\/infekciju-kontrolei-ligoninei\\\/#primaryimage\"},\"image\":{\"@id\":\"https:\\\/\\\/www.paramedica.lt\\\/index.php\\\/infekciju-kontrolei-ligoninei\\\/#primaryimage\"},\"thumbnailUrl\":\"https:\\\/\\\/www.paramedica.lt\\\/wp-content\\\/uploads\\\/2021\\\/11\\\/6659_max_a6b0.jpg\",\"datePublished\":\"2025-03-04T09:39:38+00:00\",\"dateModified\":\"2025-06-05T10:47:19+00:00\",\"description\":\"Auk\u0161tos kokyb\u0117s infekcij\u0173 kontrol\u0117s \u012franga. Patikimi sprendimai medicinos specialistams. U\u017etikrinkite efektyvi\u0105 infekcij\u0173 prevencij\u0105.\",\"breadcrumb\":{\"@id\":\"https:\\\/\\\/www.paramedica.lt\\\/index.php\\\/infekciju-kontrolei-ligoninei\\\/#breadcrumb\"},\"inLanguage\":\"lt-LT\",\"potentialAction\":[{\"@type\":\"ReadAction\",\"target\":[\"https:\\\/\\\/www.paramedica.lt\\\/index.php\\\/infekciju-kontrolei-ligoninei\\\/\"]}]},{\"@type\":\"ImageObject\",\"inLanguage\":\"lt-LT\",\"@id\":\"https:\\\/\\\/www.paramedica.lt\\\/index.php\\\/infekciju-kontrolei-ligoninei\\\/#primaryimage\",\"url\":\"https:\\\/\\\/www.paramedica.lt\\\/wp-content\\\/uploads\\\/2021\\\/11\\\/6659_max_a6b0.jpg\",\"contentUrl\":\"https:\\\/\\\/www.paramedica.lt\\\/wp-content\\\/uploads\\\/2021\\\/11\\\/6659_max_a6b0.jpg\"},{\"@type\":\"BreadcrumbList\",\"@id\":\"https:\\\/\\\/www.paramedica.lt\\\/index.php\\\/infekciju-kontrolei-ligoninei\\\/#breadcrumb\",\"itemListElement\":[{\"@type\":\"ListItem\",\"position\":1,\"name\":\"Paramedica\",\"item\":\"https:\\\/\\\/www.paramedica.lt\\\/\"},{\"@type\":\"ListItem\",\"position\":2,\"name\":\"Infekcij\u0173 kontrolei ligoninei\"}]},{\"@type\":\"WebSite\",\"@id\":\"https:\\\/\\\/www.paramedica.lt\\\/#website\",\"url\":\"https:\\\/\\\/www.paramedica.lt\\\/\",\"name\":\"Paramedica Lietuva\",\"description\":\"R\u016bpinam\u0117s teikian\u010diais pagalb\u0105\",\"publisher\":{\"@id\":\"https:\\\/\\\/www.paramedica.lt\\\/#organization\"},\"potentialAction\":[{\"@type\":\"SearchAction\",\"target\":{\"@type\":\"EntryPoint\",\"urlTemplate\":\"https:\\\/\\\/www.paramedica.lt\\\/?s={search_term_string}\"},\"query-input\":{\"@type\":\"PropertyValueSpecification\",\"valueRequired\":true,\"valueName\":\"search_term_string\"}}],\"inLanguage\":\"lt-LT\"},{\"@type\":\"Organization\",\"@id\":\"https:\\\/\\\/www.paramedica.lt\\\/#organization\",\"name\":\"Paramedica Lietuva\",\"url\":\"https:\\\/\\\/www.paramedica.lt\\\/\",\"logo\":{\"@type\":\"ImageObject\",\"inLanguage\":\"lt-LT\",\"@id\":\"https:\\\/\\\/www.paramedica.lt\\\/#\\\/schema\\\/logo\\\/image\\\/\",\"url\":\"https:\\\/\\\/i0.wp.com\\\/www.paramedica.lt\\\/wp-content\\\/uploads\\\/2021\\\/11\\\/logo_paramedica-lietuva.png?fit=216%2C116&ssl=1\",\"contentUrl\":\"https:\\\/\\\/i0.wp.com\\\/www.paramedica.lt\\\/wp-content\\\/uploads\\\/2021\\\/11\\\/logo_paramedica-lietuva.png?fit=216%2C116&ssl=1\",\"width\":216,\"height\":116,\"caption\":\"Paramedica Lietuva\"},\"image\":{\"@id\":\"https:\\\/\\\/www.paramedica.lt\\\/#\\\/schema\\\/logo\\\/image\\\/\"}}]}<\/script>\n<!-- \/ Yoast SEO plugin. -->","yoast_head_json":{"title":"Infekcij\u0173 kontrolei ligoninei - Paramedica Lietuva Infekcij\u0173 kontrol\u0117s \u012franga","description":"Auk\u0161tos kokyb\u0117s infekcij\u0173 kontrol\u0117s \u012franga. Patikimi sprendimai medicinos specialistams. U\u017etikrinkite efektyvi\u0105 infekcij\u0173 prevencij\u0105.","robots":{"index":"index","follow":"follow","max-snippet":"max-snippet:-1","max-image-preview":"max-image-preview:large","max-video-preview":"max-video-preview:-1"},"canonical":"https:\/\/www.paramedica.lt\/index.php\/infekciju-kontrolei-ligoninei\/","og_locale":"lt_LT","og_type":"article","og_title":"Infekcij\u0173 kontrolei ligoninei - Paramedica Lietuva Infekcij\u0173 kontrol\u0117s \u012franga","og_description":"Auk\u0161tos kokyb\u0117s infekcij\u0173 kontrol\u0117s \u012franga. Patikimi sprendimai medicinos specialistams. U\u017etikrinkite efektyvi\u0105 infekcij\u0173 prevencij\u0105.","og_url":"https:\/\/www.paramedica.lt\/index.php\/infekciju-kontrolei-ligoninei\/","og_site_name":"Paramedica Lietuva","article_modified_time":"2025-06-05T10:47:19+00:00","og_image":[{"url":"https:\/\/www.paramedica.lt\/wp-content\/uploads\/2021\/11\/6659_max_a6b0.jpg","type":"","width":"","height":""}],"twitter_card":"summary_large_image","schema":{"@context":"https:\/\/schema.org","@graph":[{"@type":"WebPage","@id":"https:\/\/www.paramedica.lt\/index.php\/infekciju-kontrolei-ligoninei\/","url":"https:\/\/www.paramedica.lt\/index.php\/infekciju-kontrolei-ligoninei\/","name":"Infekcij\u0173 kontrolei ligoninei - Paramedica Lietuva Infekcij\u0173 kontrol\u0117s \u012franga","isPartOf":{"@id":"https:\/\/www.paramedica.lt\/#website"},"primaryImageOfPage":{"@id":"https:\/\/www.paramedica.lt\/index.php\/infekciju-kontrolei-ligoninei\/#primaryimage"},"image":{"@id":"https:\/\/www.paramedica.lt\/index.php\/infekciju-kontrolei-ligoninei\/#primaryimage"},"thumbnailUrl":"https:\/\/www.paramedica.lt\/wp-content\/uploads\/2021\/11\/6659_max_a6b0.jpg","datePublished":"2025-03-04T09:39:38+00:00","dateModified":"2025-06-05T10:47:19+00:00","description":"Auk\u0161tos kokyb\u0117s infekcij\u0173 kontrol\u0117s \u012franga. Patikimi sprendimai medicinos specialistams. U\u017etikrinkite efektyvi\u0105 infekcij\u0173 prevencij\u0105.","breadcrumb":{"@id":"https:\/\/www.paramedica.lt\/index.php\/infekciju-kontrolei-ligoninei\/#breadcrumb"},"inLanguage":"lt-LT","potentialAction":[{"@type":"ReadAction","target":["https:\/\/www.paramedica.lt\/index.php\/infekciju-kontrolei-ligoninei\/"]}]},{"@type":"ImageObject","inLanguage":"lt-LT","@id":"https:\/\/www.paramedica.lt\/index.php\/infekciju-kontrolei-ligoninei\/#primaryimage","url":"https:\/\/www.paramedica.lt\/wp-content\/uploads\/2021\/11\/6659_max_a6b0.jpg","contentUrl":"https:\/\/www.paramedica.lt\/wp-content\/uploads\/2021\/11\/6659_max_a6b0.jpg"},{"@type":"BreadcrumbList","@id":"https:\/\/www.paramedica.lt\/index.php\/infekciju-kontrolei-ligoninei\/#breadcrumb","itemListElement":[{"@type":"ListItem","position":1,"name":"Paramedica","item":"https:\/\/www.paramedica.lt\/"},{"@type":"ListItem","position":2,"name":"Infekcij\u0173 kontrolei ligoninei"}]},{"@type":"WebSite","@id":"https:\/\/www.paramedica.lt\/#website","url":"https:\/\/www.paramedica.lt\/","name":"Paramedica Lietuva","description":"R\u016bpinam\u0117s teikian\u010diais pagalb\u0105","publisher":{"@id":"https:\/\/www.paramedica.lt\/#organization"},"potentialAction":[{"@type":"SearchAction","target":{"@type":"EntryPoint","urlTemplate":"https:\/\/www.paramedica.lt\/?s={search_term_string}"},"query-input":{"@type":"PropertyValueSpecification","valueRequired":true,"valueName":"search_term_string"}}],"inLanguage":"lt-LT"},{"@type":"Organization","@id":"https:\/\/www.paramedica.lt\/#organization","name":"Paramedica Lietuva","url":"https:\/\/www.paramedica.lt\/","logo":{"@type":"ImageObject","inLanguage":"lt-LT","@id":"https:\/\/www.paramedica.lt\/#\/schema\/logo\/image\/","url":"https:\/\/i0.wp.com\/www.paramedica.lt\/wp-content\/uploads\/2021\/11\/logo_paramedica-lietuva.png?fit=216%2C116&ssl=1","contentUrl":"https:\/\/i0.wp.com\/www.paramedica.lt\/wp-content\/uploads\/2021\/11\/logo_paramedica-lietuva.png?fit=216%2C116&ssl=1","width":216,"height":116,"caption":"Paramedica Lietuva"},"image":{"@id":"https:\/\/www.paramedica.lt\/#\/schema\/logo\/image\/"}}]}},"jetpack-related-posts":[{"id":743,"url":"https:\/\/www.paramedica.lt\/index.php\/produktai-ligoninei\/","url_meta":{"origin":965,"position":0},"title":"Produktai ligoninei","author":"admin","date":"3 kovo, 2025","format":false,"excerpt":"Defibriliacija Medicininiai krep\u0161iai Pacient\u0173 transportavimas Deguonies terapija Diagnostika Imobilizavimas MokymamsSkys\u010di\u0173\u0161ildytuvaiZOLL \u012eRANGAPirmoji pagalbaGaivinimasEKGNudegimams Infekcij\u0173 kontrolei Video laringoskopasMedicinin\u0117 apranga Hipotermijai Monitoravimas Telemedicina","rel":"","context":"Similar post","block_context":{"text":"Similar post","link":""},"img":{"alt_text":"","src":"https:\/\/i0.wp.com\/www.paramedica.lt\/wp-content\/uploads\/2025\/03\/M2_1_600x.webp?resize=350%2C200&ssl=1","width":350,"height":200,"srcset":"https:\/\/i0.wp.com\/www.paramedica.lt\/wp-content\/uploads\/2025\/03\/M2_1_600x.webp?resize=350%2C200&ssl=1 1x, https:\/\/i0.wp.com\/www.paramedica.lt\/wp-content\/uploads\/2025\/03\/M2_1_600x.webp?resize=525%2C300&ssl=1 1.5x"},"classes":[]},{"id":964,"url":"https:\/\/www.paramedica.lt\/index.php\/infekciju-kontrolei-gmp\/","url_meta":{"origin":965,"position":1},"title":"Infekcij\u0173 kontrolei GMP","author":"admin","date":"4 kovo, 2025","format":false,"excerpt":"IsoArk N36-4 Biologin\u0117s apsaugos kamera","rel":"","context":"Similar post","block_context":{"text":"Similar post","link":""},"img":{"alt_text":"","src":"","width":0,"height":0},"classes":[]},{"id":966,"url":"https:\/\/www.paramedica.lt\/index.php\/infekciju-kontrolei-kariuomenei\/","url_meta":{"origin":965,"position":2},"title":"Infekcij\u0173 kontrolei kariuomenei","author":"admin","date":"4 kovo, 2025","format":false,"excerpt":"IsoArk N36-4 Biologin\u0117s apsaugos kamera","rel":"","context":"Similar post","block_context":{"text":"Similar post","link":""},"img":{"alt_text":"","src":"","width":0,"height":0},"classes":[]},{"id":738,"url":"https:\/\/www.paramedica.lt\/index.php\/produktai-gmp\/","url_meta":{"origin":965,"position":3},"title":"Produktai GMP","author":"admin","date":"3 kovo, 2025","format":false,"excerpt":"DefibriliacijaMedicininiai krep\u0161iai Pacient\u0173 transportavimas Deguonies terapija Diagnostika Imobilizavimas MokymamsSkys\u010di\u0173\u0161ildytuvaiZOLL \u012eRANGAPirmoji pagalbaEKGNudegimams GaivinimasInfekcij\u0173 kontrolei Video laringoskopasMedicinin\u0117 aprangaMonitoravimas Hipotermijai Telemedicina","rel":"","context":"Similar post","block_context":{"text":"Similar post","link":""},"img":{"alt_text":"","src":"https:\/\/i0.wp.com\/www.paramedica.lt\/wp-content\/uploads\/2025\/08\/zoll-logo-png_seeklogo-361960.png?resize=350%2C200&ssl=1","width":350,"height":200,"srcset":"https:\/\/i0.wp.com\/www.paramedica.lt\/wp-content\/uploads\/2025\/08\/zoll-logo-png_seeklogo-361960.png?resize=350%2C200&ssl=1 1x, https:\/\/i0.wp.com\/www.paramedica.lt\/wp-content\/uploads\/2025\/08\/zoll-logo-png_seeklogo-361960.png?resize=525%2C300&ssl=1 1.5x"},"classes":[]},{"id":741,"url":"https:\/\/www.paramedica.lt\/index.php\/produktai-kariuomenei\/","url_meta":{"origin":965,"position":4},"title":"Produktai kariuomenei","author":"admin","date":"3 kovo, 2025","format":false,"excerpt":"DefibriliacijaDeguonies terapijaPacient\u0173 transportavimas Pirmoji pagalbaSkys\u010di\u0173\u0161ildytuvaiZOLL \u012eRANGAImobilizavimas Medicininiai krep\u0161iai MokymamsDiagnostika EKGVideo laringoskopasNudegimams Infekcij\u0173 kontrolei Medicinin\u0117 aprangaGaivinimasHipotermijai Monitoravimas Telemedicina","rel":"","context":"Similar post","block_context":{"text":"Similar post","link":""},"img":{"alt_text":"","src":"https:\/\/i0.wp.com\/www.paramedica.lt\/wp-content\/uploads\/2025\/07\/115164-e1751535290183.png?resize=350%2C200&ssl=1","width":350,"height":200,"srcset":"https:\/\/i0.wp.com\/www.paramedica.lt\/wp-content\/uploads\/2025\/07\/115164-e1751535290183.png?resize=350%2C200&ssl=1 1x, https:\/\/i0.wp.com\/www.paramedica.lt\/wp-content\/uploads\/2025\/07\/115164-e1751535290183.png?resize=525%2C300&ssl=1 1.5x, https:\/\/i0.wp.com\/www.paramedica.lt\/wp-content\/uploads\/2025\/07\/115164-e1751535290183.png?resize=700%2C400&ssl=1 2x"},"classes":[]},{"id":970,"url":"https:\/\/www.paramedica.lt\/index.php\/gaivinimas-ligoninei\/","url_meta":{"origin":965,"position":5},"title":"Gaivinimas ligoninei","author":"admin","date":"4 kovo, 2025","format":false,"excerpt":"ZOLL AutoPulse NXT gaivinimo prietaisas","rel":"","context":"Similar post","block_context":{"text":"Similar post","link":""},"img":{"alt_text":"","src":"","width":0,"height":0},"classes":[]}],"jetpack_sharing_enabled":true,"_links":{"self":[{"href":"https:\/\/www.paramedica.lt\/index.php\/wp-json\/wp\/v2\/pages\/965","targetHints":{"allow":["GET"]}}],"collection":[{"href":"https:\/\/www.paramedica.lt\/index.php\/wp-json\/wp\/v2\/pages"}],"about":[{"href":"https:\/\/www.paramedica.lt\/index.php\/wp-json\/wp\/v2\/types\/page"}],"author":[{"embeddable":true,"href":"https:\/\/www.paramedica.lt\/index.php\/wp-json\/wp\/v2\/users\/1"}],"replies":[{"embeddable":true,"href":"https:\/\/www.paramedica.lt\/index.php\/wp-json\/wp\/v2\/comments?post=965"}],"version-history":[{"count":7,"href":"https:\/\/www.paramedica.lt\/index.php\/wp-json\/wp\/v2\/pages\/965\/revisions"}],"predecessor-version":[{"id":3300,"href":"https:\/\/www.paramedica.lt\/index.php\/wp-json\/wp\/v2\/pages\/965\/revisions\/3300"}],"wp:attachment":[{"href":"https:\/\/www.paramedica.lt\/index.php\/wp-json\/wp\/v2\/media?parent=965"}],"curies":[{"name":"wp","href":"https:\/\/api.w.org\/{rel}","templated":true}]}}