{"id":1799,"date":"2025-04-07T17:32:59","date_gmt":"2025-04-07T15:32:59","guid":{"rendered":"https:\/\/www.paramedica.lt\/?page_id=1799"},"modified":"2026-04-21T12:07:41","modified_gmt":"2026-04-21T10:07:41","slug":"konteineris-medicininems-atliekoms","status":"publish","type":"page","link":"https:\/\/www.paramedica.lt\/index.php\/konteineris-medicininems-atliekoms\/","title":{"rendered":"Konteineris medicinin\u0117ms atliekoms"},"content":{"rendered":"\n<section id=\"section-1afc59b3-e4b4-49d5-81c1-f998984194fc\" class=\"wp-block-gutentor-about-block gutentor-section gutentor-about about-template1 has-color-bg has-custom-bg g-pos-r-desktop g-pos-d-tablet g-pos-d-mobile\"><div class=\"grid-container\"><div class=\"gutentor-grid-item-wrap\"><div class=\"gutentor-single-item\"><div class=\"grid-row\"><div class=\"grid-md-6 about-grid\"><div class=\"gutentor-single-item-image-box\"><div class=\"gutentor-image-thumb\"><img data-recalc-dims=\"1\" fetchpriority=\"high\" decoding=\"async\" class=\"normal-image\" src=\"https:\/\/i0.wp.com\/www.paramedica.lt\/wp-content\/uploads\/2025\/03\/Konteineris-medicininems-atliekoms-e1743493756186.jpg?resize=625%2C672&#038;ssl=1\" alt=\"\" height=\"672\" width=\"625\"\/><div class=\"overlay\"><\/div><\/div><\/div><\/div><div class=\"grid-md-6 about-grid\"><div class=\"gutentor-single-item-content\"><div class=\"gutentor-about-content\"><h3 class=\"gutentor-single-item-title\"><strong>Konteineris medicinin\u0117ms atliekoms<\/strong><\/h3><p class=\"gutentor-single-item-desc\">Kompakti\u0161kas konteineris skirtas ma\u017eo t\u016brio medicinin\u0117ms atliekoms, \u0161virk\u0161tams, adatoms, skalpeliams, adatoms ir kateteriams nukenksminti. Konteineris turi slankiojant\u012f dangtel\u012f.<br><br><strong><a href=\"https:\/\/medikui.lt\/kompaktiskas-konteineris-medicininems-atliekoms\"><mark style=\"background-color:rgba(0, 0, 0, 0)\" class=\"has-inline-color has-vivid-red-color\">U\u017dSISAKYTI<\/mark><\/a><\/strong><\/p><\/div><\/div><\/div><\/div><\/div><\/div><\/div><\/section>\n\n\n\n<section id=\"section-g-lbh7n6e\" class=\"wp-block-gutentor-gallery gutentor-section gutentor-gallery gutentor-gallery-wrapper enable-masonry gallery-template2 g-pos-r-desktop g-pos-d-tablet g-pos-d-mobile\"><div class=\"grid-container\"><div class=\"gutentor-block-header\"><div class=\"gutentor-section-title text-center\"><h2 class=\"gutentor-title\"><\/h2><\/div><\/div><div class=\"grid-row gutentor-grid-item-wrap full-width-row\"><div class=\"gutentor-gallery-item grid-lg-2 grid-md-4 grid-4\"><div class=\"gutentor-single-item gutentor-image gutentor-single-item-0\"><div class=\"gutentor-gallery-item-wrap\"><div class=\"gutentor-single-item-image-box\"><div class=\"gutentor-image-thumb\"><img data-recalc-dims=\"1\" fetchpriority=\"high\" decoding=\"async\" class=\"normal-image\" src=\"https:\/\/i0.wp.com\/www.paramedica.lt\/wp-content\/uploads\/2025\/03\/Konteineris-medicininems-atliekoms-e1743493756186.jpg?resize=625%2C672&#038;ssl=1\" alt=\"\" height=\"672\" width=\"625\"\/><div class=\"overlay\"><\/div><\/div><\/div><div class=\"gutentor-single-item-content\"><div class=\"gutentor-gallery-item-header\"><h4 class=\"gutentor-single-item-title\"><\/h4><a href=\"https:\/\/www.paramedica.lt\/wp-content\/uploads\/2025\/03\/Konteineris-medicininems-atliekoms-e1743493756186.jpg\" class=\"image-gallery\"><i class=\"gallery-icon fas fa-font-awesome-logo-full\"><\/i><\/a><\/div><div class=\"gutentor-gallery-item-desc\"><\/div><\/div><\/div><\/div><\/div><div class=\"gutentor-gallery-item grid-lg-2 grid-md-4 grid-4\"><div class=\"gutentor-single-item gutentor-image gutentor-single-item-1\"><div class=\"gutentor-gallery-item-wrap\"><div class=\"gutentor-single-item-image-box\"><div class=\"gutentor-image-thumb\"><img data-recalc-dims=\"1\" decoding=\"async\" class=\"normal-image\" src=\"https:\/\/i0.wp.com\/www.paramedica.lt\/wp-content\/uploads\/2025\/04\/eb09.001-03-625x794_0-e1743493806915.jpg?resize=483%2C794&#038;ssl=1\" alt=\"\" height=\"794\" width=\"483\"\/><div class=\"overlay\"><\/div><\/div><\/div><div class=\"gutentor-single-item-content\"><div class=\"gutentor-gallery-item-header\"><h4 class=\"gutentor-single-item-title\"><\/h4><a href=\"https:\/\/www.paramedica.lt\/wp-content\/uploads\/2025\/04\/eb09.001-03-625x794_0-e1743493806915.jpg\" class=\"image-gallery\"><i class=\"gallery-icon fas fa-font-awesome-logo-full\"><\/i><\/a><\/div><div class=\"gutentor-gallery-item-desc\"><\/div><\/div><\/div><\/div><\/div><\/div><\/div><\/section>\n\n\n\n<section id=\"ee1ad8\" class=\"section-ee1ad8 gutentor-module gutentor-module-accordion g-pos-r-desktop g-pos-d-tablet g-pos-d-mobile g-pos-custom-desktop\"><div class=\"grid-container\">\n<div id=\"cb1c6c\" class=\"wp-block-gutentor-m6-item section-cb1c6c gutentor-module gutentor-module-accordion-item\"><div class=\"gutentor-module-accordion-panel g-a-panel-ee1ad8\"><div tabindex=\"0\" class=\"gm-ah-ee1ad8 gutentor-module-accordion-item-heading gutentor-module-icon-position-right\"><span class=\"gutentor-module-accordion-panel-handler\" role=\"button\"><span class=\"gutentor-module-accordion-panel-handler-label\"><strong>Detalus<\/strong> <strong>apra\u0161ymas<\/strong><\/span><span class=\"gutentor-module-accordion-icon\"><i class=\"gm-aio-ee1ad8 gutentor-module-accordion-icon-open fas fa-plus\"><\/i><i class=\"gm-aic-ee1ad8 gutentor-module-accordion-icon-close fas fa-minus\"><\/i><\/span><\/span><\/div><div class=\"gm-ab-ee1ad8 gutentor-module-accordion-body\">\n<div id=\"section-g72290f\" class=\"wp-block-gutentor-e0 section-g72290f gutentor-element gutentor-element-advanced-text\"><div class=\"gutentor-text-wrap\"><p class=\"gutentor-text\">\u0160itam produktui n\u0117ra detalaus apra\u0161ymo<\/p><\/div><\/div>\n<\/div><\/div><\/div>\n\n\n\n<div id=\"b04c70\" class=\"wp-block-gutentor-m6-item section-b04c70 gutentor-module gutentor-module-accordion-item\"><div class=\"gutentor-module-accordion-panel g-a-panel-ee1ad8\"><div tabindex=\"0\" class=\"gm-ah-ee1ad8 gutentor-module-accordion-item-heading gutentor-module-icon-position-right\"><span class=\"gutentor-module-accordion-panel-handler\" role=\"button\"><span class=\"gutentor-module-accordion-panel-handler-label\"><strong>Techniniai parametrai<\/strong><\/span><span class=\"gutentor-module-accordion-icon\"><i class=\"gm-aio-ee1ad8 gutentor-module-accordion-icon-open fas fa-plus\"><\/i><i class=\"gm-aic-ee1ad8 gutentor-module-accordion-icon-close fas fa-minus\"><\/i><\/span><\/span><\/div><div class=\"gm-ab-ee1ad8 gutentor-module-accordion-body\">\n<div id=\"section-g45c243\" class=\"wp-block-gutentor-e0 section-g45c243 gutentor-element gutentor-element-advanced-text\"><div class=\"gutentor-text-wrap\"><p class=\"gutentor-text\">Svoris 0.05 kg<br>I\u0161matavimai 3 x 9 x 13 cm<br>Med\u017eiaga: Polipropilenas<br>Spalva: Geltona<br>T\u016bris: 0.32 L<\/p><\/div><\/div>\n<\/div><\/div><\/div>\n<\/div><\/section>\n\n\n\n<p><\/p>\n","protected":false},"excerpt":{"rendered":"","protected":false},"author":1,"featured_media":0,"parent":0,"menu_order":0,"comment_status":"closed","ping_status":"closed","template":"","meta":{"footnotes":""},"class_list":["post-1799","page","type-page","status-publish","hentry"],"yoast_head":"<!-- This site is optimized with the Yoast SEO plugin v27.5 - https:\/\/yoast.com\/product\/yoast-seo-wordpress\/ -->\n<title>Konteineris medicinin\u0117ms atliekoms - Paramedica Lietuva<\/title>\n<meta name=\"description\" content=\"Saugus ir patikimas konteineris medicinin\u0117ms atliekoms \u2013 infekuot\u0173 atliek\u0173 surinkimui ir utilizavimui. Tinka gydymo \u012fstaigoms, laboratorijoms.\" \/>\n<meta name=\"robots\" content=\"index, follow, max-snippet:-1, max-image-preview:large, max-video-preview:-1\" \/>\n<link rel=\"canonical\" href=\"https:\/\/www.paramedica.lt\/index.php\/konteineris-medicininems-atliekoms\/\" \/>\n<meta property=\"og:locale\" content=\"lt_LT\" \/>\n<meta property=\"og:type\" content=\"article\" \/>\n<meta property=\"og:title\" content=\"Konteineris medicinin\u0117ms atliekoms - Paramedica Lietuva\" \/>\n<meta property=\"og:description\" content=\"Saugus ir patikimas konteineris medicinin\u0117ms atliekoms \u2013 infekuot\u0173 atliek\u0173 surinkimui ir utilizavimui. Tinka gydymo \u012fstaigoms, laboratorijoms.\" \/>\n<meta property=\"og:url\" content=\"https:\/\/www.paramedica.lt\/index.php\/konteineris-medicininems-atliekoms\/\" \/>\n<meta property=\"og:site_name\" content=\"Paramedica Lietuva\" \/>\n<meta property=\"article:modified_time\" content=\"2026-04-21T10:07:41+00:00\" \/>\n<meta property=\"og:image\" content=\"https:\/\/www.paramedica.lt\/wp-content\/uploads\/2025\/03\/Konteineris-medicininems-atliekoms-e1743493756186.jpg\" \/>\n<meta name=\"twitter:card\" content=\"summary_large_image\" \/>\n<script type=\"application\/ld+json\" class=\"yoast-schema-graph\">{\"@context\":\"https:\\\/\\\/schema.org\",\"@graph\":[{\"@type\":\"WebPage\",\"@id\":\"https:\\\/\\\/www.paramedica.lt\\\/index.php\\\/konteineris-medicininems-atliekoms\\\/\",\"url\":\"https:\\\/\\\/www.paramedica.lt\\\/index.php\\\/konteineris-medicininems-atliekoms\\\/\",\"name\":\"Konteineris medicinin\u0117ms atliekoms - Paramedica Lietuva\",\"isPartOf\":{\"@id\":\"https:\\\/\\\/www.paramedica.lt\\\/#website\"},\"primaryImageOfPage\":{\"@id\":\"https:\\\/\\\/www.paramedica.lt\\\/index.php\\\/konteineris-medicininems-atliekoms\\\/#primaryimage\"},\"image\":{\"@id\":\"https:\\\/\\\/www.paramedica.lt\\\/index.php\\\/konteineris-medicininems-atliekoms\\\/#primaryimage\"},\"thumbnailUrl\":\"https:\\\/\\\/www.paramedica.lt\\\/wp-content\\\/uploads\\\/2025\\\/03\\\/Konteineris-medicininems-atliekoms-e1743493756186.jpg\",\"datePublished\":\"2025-04-07T15:32:59+00:00\",\"dateModified\":\"2026-04-21T10:07:41+00:00\",\"description\":\"Saugus ir patikimas konteineris medicinin\u0117ms atliekoms \u2013 infekuot\u0173 atliek\u0173 surinkimui ir utilizavimui. Tinka gydymo \u012fstaigoms, laboratorijoms.\",\"breadcrumb\":{\"@id\":\"https:\\\/\\\/www.paramedica.lt\\\/index.php\\\/konteineris-medicininems-atliekoms\\\/#breadcrumb\"},\"inLanguage\":\"lt-LT\",\"potentialAction\":[{\"@type\":\"ReadAction\",\"target\":[\"https:\\\/\\\/www.paramedica.lt\\\/index.php\\\/konteineris-medicininems-atliekoms\\\/\"]}]},{\"@type\":\"ImageObject\",\"inLanguage\":\"lt-LT\",\"@id\":\"https:\\\/\\\/www.paramedica.lt\\\/index.php\\\/konteineris-medicininems-atliekoms\\\/#primaryimage\",\"url\":\"https:\\\/\\\/www.paramedica.lt\\\/wp-content\\\/uploads\\\/2025\\\/03\\\/Konteineris-medicininems-atliekoms-e1743493756186.jpg\",\"contentUrl\":\"https:\\\/\\\/www.paramedica.lt\\\/wp-content\\\/uploads\\\/2025\\\/03\\\/Konteineris-medicininems-atliekoms-e1743493756186.jpg\"},{\"@type\":\"BreadcrumbList\",\"@id\":\"https:\\\/\\\/www.paramedica.lt\\\/index.php\\\/konteineris-medicininems-atliekoms\\\/#breadcrumb\",\"itemListElement\":[{\"@type\":\"ListItem\",\"position\":1,\"name\":\"Paramedica\",\"item\":\"https:\\\/\\\/www.paramedica.lt\\\/\"},{\"@type\":\"ListItem\",\"position\":2,\"name\":\"Konteineris medicinin\u0117ms atliekoms\"}]},{\"@type\":\"WebSite\",\"@id\":\"https:\\\/\\\/www.paramedica.lt\\\/#website\",\"url\":\"https:\\\/\\\/www.paramedica.lt\\\/\",\"name\":\"Paramedica Lietuva\",\"description\":\"R\u016bpinam\u0117s teikian\u010diais pagalb\u0105\",\"publisher\":{\"@id\":\"https:\\\/\\\/www.paramedica.lt\\\/#organization\"},\"potentialAction\":[{\"@type\":\"SearchAction\",\"target\":{\"@type\":\"EntryPoint\",\"urlTemplate\":\"https:\\\/\\\/www.paramedica.lt\\\/?s={search_term_string}\"},\"query-input\":{\"@type\":\"PropertyValueSpecification\",\"valueRequired\":true,\"valueName\":\"search_term_string\"}}],\"inLanguage\":\"lt-LT\"},{\"@type\":\"Organization\",\"@id\":\"https:\\\/\\\/www.paramedica.lt\\\/#organization\",\"name\":\"Paramedica Lietuva\",\"url\":\"https:\\\/\\\/www.paramedica.lt\\\/\",\"logo\":{\"@type\":\"ImageObject\",\"inLanguage\":\"lt-LT\",\"@id\":\"https:\\\/\\\/www.paramedica.lt\\\/#\\\/schema\\\/logo\\\/image\\\/\",\"url\":\"https:\\\/\\\/i0.wp.com\\\/www.paramedica.lt\\\/wp-content\\\/uploads\\\/2021\\\/11\\\/logo_paramedica-lietuva.png?fit=216%2C116&ssl=1\",\"contentUrl\":\"https:\\\/\\\/i0.wp.com\\\/www.paramedica.lt\\\/wp-content\\\/uploads\\\/2021\\\/11\\\/logo_paramedica-lietuva.png?fit=216%2C116&ssl=1\",\"width\":216,\"height\":116,\"caption\":\"Paramedica Lietuva\"},\"image\":{\"@id\":\"https:\\\/\\\/www.paramedica.lt\\\/#\\\/schema\\\/logo\\\/image\\\/\"}}]}<\/script>\n<!-- \/ Yoast SEO plugin. -->","yoast_head_json":{"title":"Konteineris medicinin\u0117ms atliekoms - Paramedica Lietuva","description":"Saugus ir patikimas konteineris medicinin\u0117ms atliekoms \u2013 infekuot\u0173 atliek\u0173 surinkimui ir utilizavimui. Tinka gydymo \u012fstaigoms, laboratorijoms.","robots":{"index":"index","follow":"follow","max-snippet":"max-snippet:-1","max-image-preview":"max-image-preview:large","max-video-preview":"max-video-preview:-1"},"canonical":"https:\/\/www.paramedica.lt\/index.php\/konteineris-medicininems-atliekoms\/","og_locale":"lt_LT","og_type":"article","og_title":"Konteineris medicinin\u0117ms atliekoms - Paramedica Lietuva","og_description":"Saugus ir patikimas konteineris medicinin\u0117ms atliekoms \u2013 infekuot\u0173 atliek\u0173 surinkimui ir utilizavimui. Tinka gydymo \u012fstaigoms, laboratorijoms.","og_url":"https:\/\/www.paramedica.lt\/index.php\/konteineris-medicininems-atliekoms\/","og_site_name":"Paramedica Lietuva","article_modified_time":"2026-04-21T10:07:41+00:00","og_image":[{"url":"https:\/\/www.paramedica.lt\/wp-content\/uploads\/2025\/03\/Konteineris-medicininems-atliekoms-e1743493756186.jpg","type":"","width":"","height":""}],"twitter_card":"summary_large_image","schema":{"@context":"https:\/\/schema.org","@graph":[{"@type":"WebPage","@id":"https:\/\/www.paramedica.lt\/index.php\/konteineris-medicininems-atliekoms\/","url":"https:\/\/www.paramedica.lt\/index.php\/konteineris-medicininems-atliekoms\/","name":"Konteineris medicinin\u0117ms atliekoms - Paramedica Lietuva","isPartOf":{"@id":"https:\/\/www.paramedica.lt\/#website"},"primaryImageOfPage":{"@id":"https:\/\/www.paramedica.lt\/index.php\/konteineris-medicininems-atliekoms\/#primaryimage"},"image":{"@id":"https:\/\/www.paramedica.lt\/index.php\/konteineris-medicininems-atliekoms\/#primaryimage"},"thumbnailUrl":"https:\/\/www.paramedica.lt\/wp-content\/uploads\/2025\/03\/Konteineris-medicininems-atliekoms-e1743493756186.jpg","datePublished":"2025-04-07T15:32:59+00:00","dateModified":"2026-04-21T10:07:41+00:00","description":"Saugus ir patikimas konteineris medicinin\u0117ms atliekoms \u2013 infekuot\u0173 atliek\u0173 surinkimui ir utilizavimui. Tinka gydymo \u012fstaigoms, laboratorijoms.","breadcrumb":{"@id":"https:\/\/www.paramedica.lt\/index.php\/konteineris-medicininems-atliekoms\/#breadcrumb"},"inLanguage":"lt-LT","potentialAction":[{"@type":"ReadAction","target":["https:\/\/www.paramedica.lt\/index.php\/konteineris-medicininems-atliekoms\/"]}]},{"@type":"ImageObject","inLanguage":"lt-LT","@id":"https:\/\/www.paramedica.lt\/index.php\/konteineris-medicininems-atliekoms\/#primaryimage","url":"https:\/\/www.paramedica.lt\/wp-content\/uploads\/2025\/03\/Konteineris-medicininems-atliekoms-e1743493756186.jpg","contentUrl":"https:\/\/www.paramedica.lt\/wp-content\/uploads\/2025\/03\/Konteineris-medicininems-atliekoms-e1743493756186.jpg"},{"@type":"BreadcrumbList","@id":"https:\/\/www.paramedica.lt\/index.php\/konteineris-medicininems-atliekoms\/#breadcrumb","itemListElement":[{"@type":"ListItem","position":1,"name":"Paramedica","item":"https:\/\/www.paramedica.lt\/"},{"@type":"ListItem","position":2,"name":"Konteineris medicinin\u0117ms atliekoms"}]},{"@type":"WebSite","@id":"https:\/\/www.paramedica.lt\/#website","url":"https:\/\/www.paramedica.lt\/","name":"Paramedica Lietuva","description":"R\u016bpinam\u0117s teikian\u010diais pagalb\u0105","publisher":{"@id":"https:\/\/www.paramedica.lt\/#organization"},"potentialAction":[{"@type":"SearchAction","target":{"@type":"EntryPoint","urlTemplate":"https:\/\/www.paramedica.lt\/?s={search_term_string}"},"query-input":{"@type":"PropertyValueSpecification","valueRequired":true,"valueName":"search_term_string"}}],"inLanguage":"lt-LT"},{"@type":"Organization","@id":"https:\/\/www.paramedica.lt\/#organization","name":"Paramedica Lietuva","url":"https:\/\/www.paramedica.lt\/","logo":{"@type":"ImageObject","inLanguage":"lt-LT","@id":"https:\/\/www.paramedica.lt\/#\/schema\/logo\/image\/","url":"https:\/\/i0.wp.com\/www.paramedica.lt\/wp-content\/uploads\/2021\/11\/logo_paramedica-lietuva.png?fit=216%2C116&ssl=1","contentUrl":"https:\/\/i0.wp.com\/www.paramedica.lt\/wp-content\/uploads\/2021\/11\/logo_paramedica-lietuva.png?fit=216%2C116&ssl=1","width":216,"height":116,"caption":"Paramedica Lietuva"},"image":{"@id":"https:\/\/www.paramedica.lt\/#\/schema\/logo\/image\/"}}]}},"jetpack-related-posts":[{"id":1186,"url":"https:\/\/www.paramedica.lt\/index.php\/medicininiai-krepsiai-ligoninei\/","url_meta":{"origin":1799,"position":0},"title":"Medicininiai krep\u0161iai ligoninei","author":"admin","date":"5 kovo, 2025","format":false,"excerpt":"Odinis gydytojo krep\u0161ys CLASSYS, EB12.005 Krep\u0161ys nam\u0173 vizitams TECBAGS, EB00.022 Izoterminis krep\u0161ys m\u0117gini\u0173 transportavimui ROW XL, EB04.008 Skubios pagalbos krep\u0161ys, EM13.042 Medicininis krep\u0161ys sportui MEDICs, EB06.005 Skubios pagalbos krep\u0161ys su spalvotais d\u0117kliukais MIC-M+PRAXIS Lengvas krep\u0161ys Blue Tarpaulin, EM13.057 Didel\u0117s talpos med.krep\u0161ys, EM13.003 Pirmosios pagalbos krep\u0161ys MULTYs, EB06.015 Mini krep\u0161ys deguonies\u2026","rel":"","context":"Similar post","block_context":{"text":"Similar post","link":""},"img":{"alt_text":"","src":"","width":0,"height":0},"classes":[]},{"id":1156,"url":"https:\/\/www.paramedica.lt\/index.php\/medicininiai-krepsiai-gmp\/","url_meta":{"origin":1799,"position":1},"title":"Medicininiai krep\u0161iai GMP","author":"admin","date":"5 kovo, 2025","format":false,"excerpt":"Odinis gydytojo krep\u0161ys CLASSYS, EB12.005 Krep\u0161ys nam\u0173 vizitams TECBAGS, EB00.022 Izoterminis krep\u0161ys m\u0117gini\u0173 transportavimui ROW XL, EB04.008 Skubios pagalbos krep\u0161ys, EM13.042 Medicininis krep\u0161ys sportui MEDICs, EB06.005 Skubios pagalbos krep\u0161ys su spalvotais d\u0117kliukais MIC-M+PRAXIS Lengvas krep\u0161ys Blue Tarpaulin, EM13.057 Didel\u0117s talpos med.krep\u0161ys, EM13.003 Pirmosios pagalbos krep\u0161ys MULTYs, EB06.015 Mini krep\u0161ys deguonies\u2026","rel":"","context":"Similar post","block_context":{"text":"Similar post","link":""},"img":{"alt_text":"","src":"","width":0,"height":0},"classes":[]},{"id":1758,"url":"https:\/\/www.paramedica.lt\/index.php\/mazas-krepsys-meginiu-transportavimui-eb04-002\/","url_meta":{"origin":1799,"position":2},"title":"Ma\u017eas krep\u0161ys m\u0117gini\u0173 transportavimui, EB04.002","author":"admin","date":"7 baland\u017eio, 2025","format":false,"excerpt":"Ma\u017eas krep\u0161ys m\u0117gini\u0173 transportavimui, EB04.002Kompakti\u0161kas izoterminis krep\u0161ys, skirtas m\u0117gini\u0173 transportavimui. Krep\u0161ys suteikia galimyb\u0119 transportuoti biologin\u0117s kilm\u0117s m\u0117ginius reikiamuose s\u0105lygose.Krep\u0161ys yra labai funkcionalus. Sertifikuotas pagal UN 3373 biologini\u0173 med\u017eiag\u0173 gabenimui.U\u017dSISAKYTI Detalus apra\u0161ymas Krep\u0161io ypatumai:Patogi rankenaViduje izotermin\u0117 med\u017eiagaVidin\u0117 tinklo ki\u0161en\u0117Sugerianti kempineIzoterminis laikiklis 36 skirtingo dyd\u017eio m\u0117gintuv\u0117liamsHermeti\u0161kas krep\u0161ysKiaurym\u0117 \u0161virk\u0161tams, turniketams, adatoms ir medicinin\u0117ms\u2026","rel":"","context":"Similar post","block_context":{"text":"Similar post","link":""},"img":{"alt_text":"","src":"https:\/\/i0.wp.com\/www.paramedica.lt\/wp-content\/uploads\/2025\/04\/ROWS_EB04.002_Acc-625x794_0-e1743490565374.jpg?resize=350%2C200&ssl=1","width":350,"height":200,"srcset":"https:\/\/i0.wp.com\/www.paramedica.lt\/wp-content\/uploads\/2025\/04\/ROWS_EB04.002_Acc-625x794_0-e1743490565374.jpg?resize=350%2C200&ssl=1 1x, https:\/\/i0.wp.com\/www.paramedica.lt\/wp-content\/uploads\/2025\/04\/ROWS_EB04.002_Acc-625x794_0-e1743490565374.jpg?resize=525%2C300&ssl=1 1.5x"},"classes":[]},{"id":2191,"url":"https:\/\/www.paramedica.lt\/index.php\/vaiku-imobilizacija-pedi-pac\/","url_meta":{"origin":1799,"position":3},"title":"Vaik\u0173 imobilizacija PEDI-PAC","author":"admin","date":"14 baland\u017eio, 2025","format":false,"excerpt":"Vaik\u0173 imobilizacija PEDI-PACPedi-Pac 78 \u2013 tai ne\u012fkainojama priemon\u0117 vaik\u0173 (iki ma\u017edaug 10 met\u0173 am\u017eiaus) visi\u0161kai ir efektyviai imobilizacijai. Ji u\u017etikrina i\u0161skirtin\u012f saugum\u0105 jauniems pacientams intraveninio skys\u010di\u0173 vartojimo, steb\u0117jimo ar kit\u0173 skubi\u0173 proced\u016br\u0173 metu. Tvirtinimo sistema leid\u017eia laisvai prieiti prie paciento kr\u016btin\u0117s srities, netrukdant medicinin\u0117ms intervencijoms. Detalus apra\u0161ymas Komplekte: imobilizacija, krep\u0161ys\u2022\u2026","rel":"","context":"Similar post","block_context":{"text":"Similar post","link":""},"img":{"alt_text":"","src":"https:\/\/i0.wp.com\/www.paramedica.lt\/wp-content\/uploads\/2025\/04\/a7182d54c9d81d6deff40e7e4ccf4622f1ee0126039a7da85f091e9e22085d8f_600x.webp?resize=350%2C200&ssl=1","width":350,"height":200,"srcset":"https:\/\/i0.wp.com\/www.paramedica.lt\/wp-content\/uploads\/2025\/04\/a7182d54c9d81d6deff40e7e4ccf4622f1ee0126039a7da85f091e9e22085d8f_600x.webp?resize=350%2C200&ssl=1 1x, https:\/\/i0.wp.com\/www.paramedica.lt\/wp-content\/uploads\/2025\/04\/a7182d54c9d81d6deff40e7e4ccf4622f1ee0126039a7da85f091e9e22085d8f_600x.webp?resize=525%2C300&ssl=1 1.5x"},"classes":[]},{"id":1657,"url":"https:\/\/www.paramedica.lt\/index.php\/medicininis-krepsys-sportui-medics-eb06-005\/","url_meta":{"origin":1799,"position":4},"title":"Medicininis krep\u0161ys sportui MEDICs, EB06.005","author":"admin","date":"7 baland\u017eio, 2025","format":false,"excerpt":"Medicininis krep\u0161ys sportui MEDICs, EB06.005MEDIC'S tai didelis ir puikiai organizuotas medicininis krep\u0161ys sportui su vidiniais nuimamais skirtukais ir prakti\u0161komis i\u0161orin\u0117mis ki\u0161en\u0117mis. Naudotojai gali greitai ir lengvai rasti b\u016btiniausias priemones, kai susiduria su sportin\u0117mis traumomis.U\u017dSISAKYTI Detalus apra\u0161ymas Krep\u0161ys turi didel\u0117s talpos priekin\u0119 ki\u0161en\u0119 su elastiniais dir\u017eeliais, kad b\u016bt\u0173 galima pritvirtinti daugyb\u0119\u2026","rel":"","context":"Similar post","block_context":{"text":"Similar post","link":""},"img":{"alt_text":"","src":"https:\/\/i0.wp.com\/www.paramedica.lt\/wp-content\/uploads\/2025\/10\/05-EB06.005-medics-bolsa-deportiva-elite-bags-backpack.jpg?resize=350%2C200&ssl=1","width":350,"height":200,"srcset":"https:\/\/i0.wp.com\/www.paramedica.lt\/wp-content\/uploads\/2025\/10\/05-EB06.005-medics-bolsa-deportiva-elite-bags-backpack.jpg?resize=350%2C200&ssl=1 1x, https:\/\/i0.wp.com\/www.paramedica.lt\/wp-content\/uploads\/2025\/10\/05-EB06.005-medics-bolsa-deportiva-elite-bags-backpack.jpg?resize=525%2C300&ssl=1 1.5x, https:\/\/i0.wp.com\/www.paramedica.lt\/wp-content\/uploads\/2025\/10\/05-EB06.005-medics-bolsa-deportiva-elite-bags-backpack.jpg?resize=700%2C400&ssl=1 2x, https:\/\/i0.wp.com\/www.paramedica.lt\/wp-content\/uploads\/2025\/10\/05-EB06.005-medics-bolsa-deportiva-elite-bags-backpack.jpg?resize=1050%2C600&ssl=1 3x"},"classes":[]},{"id":3185,"url":"https:\/\/www.paramedica.lt\/index.php\/sam-pelvic-sling-ii-ortopedinis-dubens-itvaras-military\/","url_meta":{"origin":1799,"position":5},"title":"SAM\u00ae Pelvic Sling II ortopedinis dubens \u012ftvaras Military","author":"admin","date":"5 bir\u017eelio, 2025","format":false,"excerpt":"SAM\u00ae Pelvic Sling II ortopedinis dubens \u012ftvaras MilitaryReguliuojamas ortopedinis dubens \u012ftvaras, skirtas greitam ir patikimam dubens l\u016b\u017ei\u0173 stabilizavimui, u\u017etikrinantis optimal\u0173 spaudim\u0105 ir pacient\u0173 komfort\u0105. Detalus apra\u0161ymas SAM\u00ae Pelvic Sling II ortopedinis dubens \u012ftvaras (vidutinis dydis, \u017ealias) \u2013 tai pa\u017eangus medicininis \u012frenginys, skirtas greitam ir efektyviam dubens l\u016b\u017ei\u0173 stabilizavimui. Jo patentuota\u2026","rel":"","context":"Similar post","block_context":{"text":"Similar post","link":""},"img":{"alt_text":"","src":"https:\/\/i0.wp.com\/www.paramedica.lt\/wp-content\/uploads\/2025\/06\/Sam-Sling3.webp?resize=350%2C200&ssl=1","width":350,"height":200,"srcset":"https:\/\/i0.wp.com\/www.paramedica.lt\/wp-content\/uploads\/2025\/06\/Sam-Sling3.webp?resize=350%2C200&ssl=1 1x, https:\/\/i0.wp.com\/www.paramedica.lt\/wp-content\/uploads\/2025\/06\/Sam-Sling3.webp?resize=525%2C300&ssl=1 1.5x, https:\/\/i0.wp.com\/www.paramedica.lt\/wp-content\/uploads\/2025\/06\/Sam-Sling3.webp?resize=700%2C400&ssl=1 2x, https:\/\/i0.wp.com\/www.paramedica.lt\/wp-content\/uploads\/2025\/06\/Sam-Sling3.webp?resize=1050%2C600&ssl=1 3x, https:\/\/i0.wp.com\/www.paramedica.lt\/wp-content\/uploads\/2025\/06\/Sam-Sling3.webp?resize=1400%2C800&ssl=1 4x"},"classes":[]}],"jetpack_sharing_enabled":true,"_links":{"self":[{"href":"https:\/\/www.paramedica.lt\/index.php\/wp-json\/wp\/v2\/pages\/1799","targetHints":{"allow":["GET"]}}],"collection":[{"href":"https:\/\/www.paramedica.lt\/index.php\/wp-json\/wp\/v2\/pages"}],"about":[{"href":"https:\/\/www.paramedica.lt\/index.php\/wp-json\/wp\/v2\/types\/page"}],"author":[{"embeddable":true,"href":"https:\/\/www.paramedica.lt\/index.php\/wp-json\/wp\/v2\/users\/1"}],"replies":[{"embeddable":true,"href":"https:\/\/www.paramedica.lt\/index.php\/wp-json\/wp\/v2\/comments?post=1799"}],"version-history":[{"count":6,"href":"https:\/\/www.paramedica.lt\/index.php\/wp-json\/wp\/v2\/pages\/1799\/revisions"}],"predecessor-version":[{"id":4110,"href":"https:\/\/www.paramedica.lt\/index.php\/wp-json\/wp\/v2\/pages\/1799\/revisions\/4110"}],"wp:attachment":[{"href":"https:\/\/www.paramedica.lt\/index.php\/wp-json\/wp\/v2\/media?parent=1799"}],"curies":[{"name":"wp","href":"https:\/\/api.w.org\/{rel}","templated":true}]}}