{"id":1759,"date":"2025-04-07T17:27:48","date_gmt":"2025-04-07T15:27:48","guid":{"rendered":"https:\/\/www.paramedica.lt\/?page_id=1759"},"modified":"2026-04-21T12:05:19","modified_gmt":"2026-04-21T10:05:19","slug":"deklas-ampulems-eb09-002","status":"publish","type":"page","link":"https:\/\/www.paramedica.lt\/index.php\/produktai-2\/deklas-ampulems-eb09-002\/","title":{"rendered":"D\u0117klas ampul\u0117ms, EB09.002"},"content":{"rendered":"\n<section id=\"section-1afc59b3-e4b4-49d5-81c1-f998984194fc\" class=\"wp-block-gutentor-about-block gutentor-section gutentor-about about-template1 has-color-bg has-custom-bg g-pos-r-desktop g-pos-d-tablet g-pos-d-mobile\"><div class=\"grid-container\"><div class=\"gutentor-grid-item-wrap\"><div class=\"gutentor-single-item\"><div class=\"grid-row\"><div class=\"grid-md-6 about-grid\"><div class=\"gutentor-single-item-image-box\"><div class=\"gutentor-image-thumb\"><img data-recalc-dims=\"1\" fetchpriority=\"high\" decoding=\"async\" class=\"normal-image\" src=\"https:\/\/i0.wp.com\/www.paramedica.lt\/wp-content\/uploads\/2025\/03\/EB09.002-e1743490631653.jpg?resize=625%2C613&#038;ssl=1\" alt=\"\" height=\"613\" width=\"625\"\/><div class=\"overlay\"><\/div><\/div><\/div><\/div><div class=\"grid-md-6 about-grid\"><div class=\"gutentor-single-item-content\"><div class=\"gutentor-about-content\"><h3 class=\"gutentor-single-item-title\"><strong>D\u0117klas ampul\u0117ms, EB09.002<\/strong><\/h3><p class=\"gutentor-single-item-desc\">Vidutinio dyd\u017eio izoterminis d\u0117klas ampul\u0117ms.<br><br><strong><a href=\"https:\/\/medikui.lt\/deklas-ampulems\"><mark style=\"background-color:rgba(0, 0, 0, 0)\" class=\"has-inline-color has-vivid-red-color\">U\u017dSISAKYTI<\/mark><\/a><\/strong><\/p><\/div><\/div><\/div><\/div><\/div><\/div><\/div><\/section>\n\n\n\n<section id=\"section-g-lbh7n6e\" class=\"wp-block-gutentor-gallery gutentor-section gutentor-gallery gutentor-gallery-wrapper enable-masonry gallery-template2 g-pos-r-desktop g-pos-d-tablet g-pos-d-mobile\"><div class=\"grid-container\"><div class=\"gutentor-block-header\"><div class=\"gutentor-section-title text-center\"><h2 class=\"gutentor-title\"><\/h2><\/div><\/div><div class=\"grid-row gutentor-grid-item-wrap full-width-row\"><div class=\"gutentor-gallery-item grid-lg-2 grid-md-4 grid-4\"><div class=\"gutentor-single-item gutentor-image gutentor-single-item-0\"><div class=\"gutentor-gallery-item-wrap\"><div class=\"gutentor-single-item-image-box\"><div class=\"gutentor-image-thumb\"><img data-recalc-dims=\"1\" decoding=\"async\" class=\"normal-image\" src=\"https:\/\/i0.wp.com\/www.paramedica.lt\/wp-content\/uploads\/2025\/04\/3-625x794_0-e1743490664898.jpg?resize=625%2C659&#038;ssl=1\" alt=\"\" height=\"659\" width=\"625\"\/><div class=\"overlay\"><\/div><\/div><\/div><div class=\"gutentor-single-item-content\"><div class=\"gutentor-gallery-item-header\"><h4 class=\"gutentor-single-item-title\"><\/h4><a href=\"https:\/\/www.paramedica.lt\/wp-content\/uploads\/2025\/04\/3-625x794_0-e1743490664898.jpg\" class=\"image-gallery\"><i class=\"gallery-icon fas fa-font-awesome-logo-full\"><\/i><\/a><\/div><div class=\"gutentor-gallery-item-desc\"><\/div><\/div><\/div><\/div><\/div><div class=\"gutentor-gallery-item grid-lg-2 grid-md-4 grid-4\"><div class=\"gutentor-single-item gutentor-image gutentor-single-item-1\"><div class=\"gutentor-gallery-item-wrap\"><div class=\"gutentor-single-item-image-box\"><div class=\"gutentor-image-thumb\"><img data-recalc-dims=\"1\" fetchpriority=\"high\" decoding=\"async\" class=\"normal-image\" src=\"https:\/\/i0.wp.com\/www.paramedica.lt\/wp-content\/uploads\/2025\/03\/EB09.002-e1743490631653.jpg?resize=625%2C613&#038;ssl=1\" alt=\"\" height=\"613\" width=\"625\"\/><div class=\"overlay\"><\/div><\/div><\/div><div class=\"gutentor-single-item-content\"><div class=\"gutentor-gallery-item-header\"><h4 class=\"gutentor-single-item-title\"><\/h4><a href=\"https:\/\/www.paramedica.lt\/wp-content\/uploads\/2025\/03\/EB09.002-e1743490631653.jpg\" class=\"image-gallery\"><i class=\"gallery-icon fas fa-font-awesome-logo-full\"><\/i><\/a><\/div><div class=\"gutentor-gallery-item-desc\"><\/div><\/div><\/div><\/div><\/div><div class=\"gutentor-gallery-item grid-lg-2 grid-md-4 grid-4\"><div class=\"gutentor-single-item gutentor-image gutentor-single-item-2\"><div class=\"gutentor-gallery-item-wrap\"><div class=\"gutentor-single-item-image-box\"><div class=\"gutentor-image-thumb\"><img data-recalc-dims=\"1\" decoding=\"async\" class=\"normal-image\" src=\"https:\/\/i0.wp.com\/www.paramedica.lt\/wp-content\/uploads\/2025\/04\/1-625x794_0-e1743490700924.jpg?resize=625%2C467&#038;ssl=1\" alt=\"\" height=\"467\" width=\"625\"\/><div class=\"overlay\"><\/div><\/div><\/div><div class=\"gutentor-single-item-content\"><div class=\"gutentor-gallery-item-header\"><h4 class=\"gutentor-single-item-title\"><\/h4><a href=\"https:\/\/www.paramedica.lt\/wp-content\/uploads\/2025\/04\/1-625x794_0-e1743490700924.jpg\" class=\"image-gallery\"><i class=\"gallery-icon fas fa-font-awesome-logo-full\"><\/i><\/a><\/div><div class=\"gutentor-gallery-item-desc\"><\/div><\/div><\/div><\/div><\/div><\/div><\/div><\/section>\n\n\n\n<section id=\"ee1ad8\" class=\"section-ee1ad8 gutentor-module gutentor-module-accordion g-pos-r-desktop g-pos-d-tablet g-pos-d-mobile g-pos-custom-desktop\"><div class=\"grid-container\">\n<div id=\"cb1c6c\" class=\"wp-block-gutentor-m6-item section-cb1c6c gutentor-module gutentor-module-accordion-item\"><div class=\"gutentor-module-accordion-panel g-a-panel-ee1ad8\"><div tabindex=\"0\" class=\"gm-ah-ee1ad8 gutentor-module-accordion-item-heading gutentor-module-icon-position-right\"><span class=\"gutentor-module-accordion-panel-handler\" role=\"button\"><span class=\"gutentor-module-accordion-panel-handler-label\"><strong>Detalus<\/strong> <strong>apra\u0161ymas<\/strong><\/span><span class=\"gutentor-module-accordion-icon\"><i class=\"gm-aio-ee1ad8 gutentor-module-accordion-icon-open fas fa-plus\"><\/i><i class=\"gm-aic-ee1ad8 gutentor-module-accordion-icon-close fas fa-minus\"><\/i><\/span><\/span><\/div><div class=\"gm-ab-ee1ad8 gutentor-module-accordion-body\">\n<div id=\"section-g72290f\" class=\"wp-block-gutentor-e0 section-g72290f gutentor-element gutentor-element-advanced-text\"><div class=\"gutentor-text-wrap\"><p class=\"gutentor-text\">D\u0117klo ypatyb\u0117s:<br>Skirtas laikyti 20 ma\u017e\u0173, 16 vidutinio dyd\u017eio ampuli\u0173<br>Vidiniame skirtuke galime sud\u0117ti dideles ampules<br>Velcro juosta apa\u010dioje d\u0117klo tvirtinimui<\/p><\/div><\/div>\n<\/div><\/div><\/div>\n\n\n\n<div id=\"b04c70\" class=\"wp-block-gutentor-m6-item section-b04c70 gutentor-module gutentor-module-accordion-item\"><div class=\"gutentor-module-accordion-panel g-a-panel-ee1ad8\"><div tabindex=\"0\" class=\"gm-ah-ee1ad8 gutentor-module-accordion-item-heading gutentor-module-icon-position-right\"><span class=\"gutentor-module-accordion-panel-handler\" role=\"button\"><span class=\"gutentor-module-accordion-panel-handler-label\"><strong>Techniniai parametrai<\/strong><\/span><span class=\"gutentor-module-accordion-icon\"><i class=\"gm-aio-ee1ad8 gutentor-module-accordion-icon-open fas fa-plus\"><\/i><i class=\"gm-aic-ee1ad8 gutentor-module-accordion-icon-close fas fa-minus\"><\/i><\/span><\/span><\/div><div class=\"gm-ab-ee1ad8 gutentor-module-accordion-body\">\n<div id=\"section-g45c243\" class=\"wp-block-gutentor-e0 section-g45c243 gutentor-element gutentor-element-advanced-text\"><div class=\"gutentor-text-wrap\"><p class=\"gutentor-text\">Svoris: 0.16 kg<br>Matmenys (plotis x ilgis x auk\u0161tis): 4 x 18 x 13 cm<br>Spalva: Juoda<br>T\u016bris: 0.94 L<br>Rekomenduojamas maksimalus t\u016brinio svoris: 0.60 kg<\/p><\/div><\/div>\n<\/div><\/div><\/div>\n<\/div><\/section>\n\n\n\n<p><\/p>\n","protected":false},"excerpt":{"rendered":"","protected":false},"author":1,"featured_media":0,"parent":853,"menu_order":0,"comment_status":"closed","ping_status":"closed","template":"","meta":{"footnotes":""},"class_list":["post-1759","page","type-page","status-publish","hentry"],"yoast_head":"<!-- This site is optimized with the Yoast SEO plugin v27.5 - https:\/\/yoast.com\/product\/yoast-seo-wordpress\/ -->\n<title>D\u0117klas ampul\u0117ms, EB09.002 - Paramedica Lietuva \u2013 kompakti\u0161kas sprendimas<\/title>\n<meta name=\"description\" content=\"Izoterminis d\u0117klas EB09.002 saugiai talpina iki 43 ampuli\u0173. Lengvas, kompakti\u0161kas ir patogus naudoti medicinos specialistams.\" \/>\n<meta name=\"robots\" content=\"index, follow, max-snippet:-1, max-image-preview:large, max-video-preview:-1\" \/>\n<link rel=\"canonical\" href=\"https:\/\/www.paramedica.lt\/index.php\/produktai-2\/deklas-ampulems-eb09-002\/\" \/>\n<meta property=\"og:locale\" content=\"lt_LT\" \/>\n<meta property=\"og:type\" content=\"article\" \/>\n<meta property=\"og:title\" content=\"D\u0117klas ampul\u0117ms, EB09.002 - Paramedica Lietuva \u2013 kompakti\u0161kas sprendimas\" \/>\n<meta property=\"og:description\" content=\"Izoterminis d\u0117klas EB09.002 saugiai talpina iki 43 ampuli\u0173. Lengvas, kompakti\u0161kas ir patogus naudoti medicinos specialistams.\" \/>\n<meta property=\"og:url\" content=\"https:\/\/www.paramedica.lt\/index.php\/produktai-2\/deklas-ampulems-eb09-002\/\" \/>\n<meta property=\"og:site_name\" content=\"Paramedica Lietuva\" \/>\n<meta property=\"article:modified_time\" content=\"2026-04-21T10:05:19+00:00\" \/>\n<meta property=\"og:image\" content=\"https:\/\/www.paramedica.lt\/wp-content\/uploads\/2025\/03\/EB09.002-e1743490631653.jpg\" \/>\n<meta name=\"twitter:card\" content=\"summary_large_image\" \/>\n<script type=\"application\/ld+json\" class=\"yoast-schema-graph\">{\"@context\":\"https:\\\/\\\/schema.org\",\"@graph\":[{\"@type\":\"WebPage\",\"@id\":\"https:\\\/\\\/www.paramedica.lt\\\/index.php\\\/produktai-2\\\/deklas-ampulems-eb09-002\\\/\",\"url\":\"https:\\\/\\\/www.paramedica.lt\\\/index.php\\\/produktai-2\\\/deklas-ampulems-eb09-002\\\/\",\"name\":\"D\u0117klas ampul\u0117ms, EB09.002 - Paramedica Lietuva \u2013 kompakti\u0161kas sprendimas\",\"isPartOf\":{\"@id\":\"https:\\\/\\\/www.paramedica.lt\\\/#website\"},\"primaryImageOfPage\":{\"@id\":\"https:\\\/\\\/www.paramedica.lt\\\/index.php\\\/produktai-2\\\/deklas-ampulems-eb09-002\\\/#primaryimage\"},\"image\":{\"@id\":\"https:\\\/\\\/www.paramedica.lt\\\/index.php\\\/produktai-2\\\/deklas-ampulems-eb09-002\\\/#primaryimage\"},\"thumbnailUrl\":\"https:\\\/\\\/www.paramedica.lt\\\/wp-content\\\/uploads\\\/2025\\\/03\\\/EB09.002-e1743490631653.jpg\",\"datePublished\":\"2025-04-07T15:27:48+00:00\",\"dateModified\":\"2026-04-21T10:05:19+00:00\",\"description\":\"Izoterminis d\u0117klas EB09.002 saugiai talpina iki 43 ampuli\u0173. Lengvas, kompakti\u0161kas ir patogus naudoti medicinos specialistams.\",\"breadcrumb\":{\"@id\":\"https:\\\/\\\/www.paramedica.lt\\\/index.php\\\/produktai-2\\\/deklas-ampulems-eb09-002\\\/#breadcrumb\"},\"inLanguage\":\"lt-LT\",\"potentialAction\":[{\"@type\":\"ReadAction\",\"target\":[\"https:\\\/\\\/www.paramedica.lt\\\/index.php\\\/produktai-2\\\/deklas-ampulems-eb09-002\\\/\"]}]},{\"@type\":\"ImageObject\",\"inLanguage\":\"lt-LT\",\"@id\":\"https:\\\/\\\/www.paramedica.lt\\\/index.php\\\/produktai-2\\\/deklas-ampulems-eb09-002\\\/#primaryimage\",\"url\":\"https:\\\/\\\/www.paramedica.lt\\\/wp-content\\\/uploads\\\/2025\\\/03\\\/EB09.002-e1743490631653.jpg\",\"contentUrl\":\"https:\\\/\\\/www.paramedica.lt\\\/wp-content\\\/uploads\\\/2025\\\/03\\\/EB09.002-e1743490631653.jpg\"},{\"@type\":\"BreadcrumbList\",\"@id\":\"https:\\\/\\\/www.paramedica.lt\\\/index.php\\\/produktai-2\\\/deklas-ampulems-eb09-002\\\/#breadcrumb\",\"itemListElement\":[{\"@type\":\"ListItem\",\"position\":1,\"name\":\"Paramedica\",\"item\":\"https:\\\/\\\/www.paramedica.lt\\\/\"},{\"@type\":\"ListItem\",\"position\":2,\"name\":\"Produktai\",\"item\":\"https:\\\/\\\/www.paramedica.lt\\\/index.php\\\/produktai-2\\\/\"},{\"@type\":\"ListItem\",\"position\":3,\"name\":\"D\u0117klas ampul\u0117ms, EB09.002\"}]},{\"@type\":\"WebSite\",\"@id\":\"https:\\\/\\\/www.paramedica.lt\\\/#website\",\"url\":\"https:\\\/\\\/www.paramedica.lt\\\/\",\"name\":\"Paramedica Lietuva\",\"description\":\"R\u016bpinam\u0117s teikian\u010diais pagalb\u0105\",\"publisher\":{\"@id\":\"https:\\\/\\\/www.paramedica.lt\\\/#organization\"},\"potentialAction\":[{\"@type\":\"SearchAction\",\"target\":{\"@type\":\"EntryPoint\",\"urlTemplate\":\"https:\\\/\\\/www.paramedica.lt\\\/?s={search_term_string}\"},\"query-input\":{\"@type\":\"PropertyValueSpecification\",\"valueRequired\":true,\"valueName\":\"search_term_string\"}}],\"inLanguage\":\"lt-LT\"},{\"@type\":\"Organization\",\"@id\":\"https:\\\/\\\/www.paramedica.lt\\\/#organization\",\"name\":\"Paramedica Lietuva\",\"url\":\"https:\\\/\\\/www.paramedica.lt\\\/\",\"logo\":{\"@type\":\"ImageObject\",\"inLanguage\":\"lt-LT\",\"@id\":\"https:\\\/\\\/www.paramedica.lt\\\/#\\\/schema\\\/logo\\\/image\\\/\",\"url\":\"https:\\\/\\\/i0.wp.com\\\/www.paramedica.lt\\\/wp-content\\\/uploads\\\/2021\\\/11\\\/logo_paramedica-lietuva.png?fit=216%2C116&ssl=1\",\"contentUrl\":\"https:\\\/\\\/i0.wp.com\\\/www.paramedica.lt\\\/wp-content\\\/uploads\\\/2021\\\/11\\\/logo_paramedica-lietuva.png?fit=216%2C116&ssl=1\",\"width\":216,\"height\":116,\"caption\":\"Paramedica Lietuva\"},\"image\":{\"@id\":\"https:\\\/\\\/www.paramedica.lt\\\/#\\\/schema\\\/logo\\\/image\\\/\"}}]}<\/script>\n<!-- \/ Yoast SEO plugin. -->","yoast_head_json":{"title":"D\u0117klas ampul\u0117ms, EB09.002 - Paramedica Lietuva \u2013 kompakti\u0161kas sprendimas","description":"Izoterminis d\u0117klas EB09.002 saugiai talpina iki 43 ampuli\u0173. Lengvas, kompakti\u0161kas ir patogus naudoti medicinos specialistams.","robots":{"index":"index","follow":"follow","max-snippet":"max-snippet:-1","max-image-preview":"max-image-preview:large","max-video-preview":"max-video-preview:-1"},"canonical":"https:\/\/www.paramedica.lt\/index.php\/produktai-2\/deklas-ampulems-eb09-002\/","og_locale":"lt_LT","og_type":"article","og_title":"D\u0117klas ampul\u0117ms, EB09.002 - Paramedica Lietuva \u2013 kompakti\u0161kas sprendimas","og_description":"Izoterminis d\u0117klas EB09.002 saugiai talpina iki 43 ampuli\u0173. Lengvas, kompakti\u0161kas ir patogus naudoti medicinos specialistams.","og_url":"https:\/\/www.paramedica.lt\/index.php\/produktai-2\/deklas-ampulems-eb09-002\/","og_site_name":"Paramedica Lietuva","article_modified_time":"2026-04-21T10:05:19+00:00","og_image":[{"url":"https:\/\/www.paramedica.lt\/wp-content\/uploads\/2025\/03\/EB09.002-e1743490631653.jpg","type":"","width":"","height":""}],"twitter_card":"summary_large_image","schema":{"@context":"https:\/\/schema.org","@graph":[{"@type":"WebPage","@id":"https:\/\/www.paramedica.lt\/index.php\/produktai-2\/deklas-ampulems-eb09-002\/","url":"https:\/\/www.paramedica.lt\/index.php\/produktai-2\/deklas-ampulems-eb09-002\/","name":"D\u0117klas ampul\u0117ms, EB09.002 - Paramedica Lietuva \u2013 kompakti\u0161kas sprendimas","isPartOf":{"@id":"https:\/\/www.paramedica.lt\/#website"},"primaryImageOfPage":{"@id":"https:\/\/www.paramedica.lt\/index.php\/produktai-2\/deklas-ampulems-eb09-002\/#primaryimage"},"image":{"@id":"https:\/\/www.paramedica.lt\/index.php\/produktai-2\/deklas-ampulems-eb09-002\/#primaryimage"},"thumbnailUrl":"https:\/\/www.paramedica.lt\/wp-content\/uploads\/2025\/03\/EB09.002-e1743490631653.jpg","datePublished":"2025-04-07T15:27:48+00:00","dateModified":"2026-04-21T10:05:19+00:00","description":"Izoterminis d\u0117klas EB09.002 saugiai talpina iki 43 ampuli\u0173. Lengvas, kompakti\u0161kas ir patogus naudoti medicinos specialistams.","breadcrumb":{"@id":"https:\/\/www.paramedica.lt\/index.php\/produktai-2\/deklas-ampulems-eb09-002\/#breadcrumb"},"inLanguage":"lt-LT","potentialAction":[{"@type":"ReadAction","target":["https:\/\/www.paramedica.lt\/index.php\/produktai-2\/deklas-ampulems-eb09-002\/"]}]},{"@type":"ImageObject","inLanguage":"lt-LT","@id":"https:\/\/www.paramedica.lt\/index.php\/produktai-2\/deklas-ampulems-eb09-002\/#primaryimage","url":"https:\/\/www.paramedica.lt\/wp-content\/uploads\/2025\/03\/EB09.002-e1743490631653.jpg","contentUrl":"https:\/\/www.paramedica.lt\/wp-content\/uploads\/2025\/03\/EB09.002-e1743490631653.jpg"},{"@type":"BreadcrumbList","@id":"https:\/\/www.paramedica.lt\/index.php\/produktai-2\/deklas-ampulems-eb09-002\/#breadcrumb","itemListElement":[{"@type":"ListItem","position":1,"name":"Paramedica","item":"https:\/\/www.paramedica.lt\/"},{"@type":"ListItem","position":2,"name":"Produktai","item":"https:\/\/www.paramedica.lt\/index.php\/produktai-2\/"},{"@type":"ListItem","position":3,"name":"D\u0117klas ampul\u0117ms, EB09.002"}]},{"@type":"WebSite","@id":"https:\/\/www.paramedica.lt\/#website","url":"https:\/\/www.paramedica.lt\/","name":"Paramedica Lietuva","description":"R\u016bpinam\u0117s teikian\u010diais pagalb\u0105","publisher":{"@id":"https:\/\/www.paramedica.lt\/#organization"},"potentialAction":[{"@type":"SearchAction","target":{"@type":"EntryPoint","urlTemplate":"https:\/\/www.paramedica.lt\/?s={search_term_string}"},"query-input":{"@type":"PropertyValueSpecification","valueRequired":true,"valueName":"search_term_string"}}],"inLanguage":"lt-LT"},{"@type":"Organization","@id":"https:\/\/www.paramedica.lt\/#organization","name":"Paramedica Lietuva","url":"https:\/\/www.paramedica.lt\/","logo":{"@type":"ImageObject","inLanguage":"lt-LT","@id":"https:\/\/www.paramedica.lt\/#\/schema\/logo\/image\/","url":"https:\/\/i0.wp.com\/www.paramedica.lt\/wp-content\/uploads\/2021\/11\/logo_paramedica-lietuva.png?fit=216%2C116&ssl=1","contentUrl":"https:\/\/i0.wp.com\/www.paramedica.lt\/wp-content\/uploads\/2021\/11\/logo_paramedica-lietuva.png?fit=216%2C116&ssl=1","width":216,"height":116,"caption":"Paramedica Lietuva"},"image":{"@id":"https:\/\/www.paramedica.lt\/#\/schema\/logo\/image\/"}}]}},"jetpack-related-posts":[{"id":1186,"url":"https:\/\/www.paramedica.lt\/index.php\/medicininiai-krepsiai-ligoninei\/","url_meta":{"origin":1759,"position":0},"title":"Medicininiai krep\u0161iai ligoninei","author":"admin","date":"5 kovo, 2025","format":false,"excerpt":"Odinis gydytojo krep\u0161ys CLASSYS, EB12.005 Krep\u0161ys nam\u0173 vizitams TECBAGS, EB00.022 Izoterminis krep\u0161ys m\u0117gini\u0173 transportavimui ROW XL, EB04.008 Skubios pagalbos krep\u0161ys, EM13.042 Medicininis krep\u0161ys sportui MEDICs, EB06.005 Skubios pagalbos krep\u0161ys su spalvotais d\u0117kliukais MIC-M+PRAXIS Lengvas krep\u0161ys Blue Tarpaulin, EM13.057 Didel\u0117s talpos med.krep\u0161ys, EM13.003 Pirmosios pagalbos krep\u0161ys MULTYs, EB06.015 Mini krep\u0161ys deguonies\u2026","rel":"","context":"Similar post","block_context":{"text":"Similar post","link":""},"img":{"alt_text":"","src":"","width":0,"height":0},"classes":[]},{"id":1156,"url":"https:\/\/www.paramedica.lt\/index.php\/medicininiai-krepsiai-gmp\/","url_meta":{"origin":1759,"position":1},"title":"Medicininiai krep\u0161iai GMP","author":"admin","date":"5 kovo, 2025","format":false,"excerpt":"Odinis gydytojo krep\u0161ys CLASSYS, EB12.005 Krep\u0161ys nam\u0173 vizitams TECBAGS, EB00.022 Izoterminis krep\u0161ys m\u0117gini\u0173 transportavimui ROW XL, EB04.008 Skubios pagalbos krep\u0161ys, EM13.042 Medicininis krep\u0161ys sportui MEDICs, EB06.005 Skubios pagalbos krep\u0161ys su spalvotais d\u0117kliukais MIC-M+PRAXIS Lengvas krep\u0161ys Blue Tarpaulin, EM13.057 Didel\u0117s talpos med.krep\u0161ys, EM13.003 Pirmosios pagalbos krep\u0161ys MULTYs, EB06.015 Mini krep\u0161ys deguonies\u2026","rel":"","context":"Similar post","block_context":{"text":"Similar post","link":""},"img":{"alt_text":"","src":"","width":0,"height":0},"classes":[]},{"id":1797,"url":"https:\/\/www.paramedica.lt\/index.php\/didelis-ampuliaras-eb02-002\/","url_meta":{"origin":1759,"position":2},"title":"Didelis ampuliaras, EB02.002","author":"admin","date":"7 baland\u017eio, 2025","format":false,"excerpt":"Didelis ampuliaras, EB02.002Didelis ir itin talpus izoterminis d\u0117klas ampul\u0117ms ir vaistams.U\u017dSISAKYTI Detalus apra\u0161ymas D\u0117klo ypatyb\u0117s:\u0160vies\u0105 atspindintis u\u017etrauktuko lie\u017euv\u0117lis greitam ampulariumo atsegimui\u0160vies\u0105 atspindinti juosta aplink\u00a0Pamink\u0161tinta rankenaSkaidri ki\u0161en\u0117 kortelei d\u0117klo priekyjeTinklin\u0117s ki\u0161en\u0117s ant vidini\u0173 \u0161onini\u0173 sieneli\u0173 \u0161aldomojo gelio paketamsD\u0117klo vidus i\u0161 izotermin\u0117s med\u017eiagosViduje yra du nuimami d\u0117klai, skirti 68 ma\u017eoms, 52 vidutinio\u2026","rel":"","context":"Similar post","block_context":{"text":"Similar post","link":""},"img":{"alt_text":"","src":"https:\/\/i0.wp.com\/www.paramedica.lt\/wp-content\/uploads\/2025\/04\/EB02.002__INT_06_C-625x794_0-e1743493509813.jpg?resize=350%2C200&ssl=1","width":350,"height":200,"srcset":"https:\/\/i0.wp.com\/www.paramedica.lt\/wp-content\/uploads\/2025\/04\/EB02.002__INT_06_C-625x794_0-e1743493509813.jpg?resize=350%2C200&ssl=1 1x, https:\/\/i0.wp.com\/www.paramedica.lt\/wp-content\/uploads\/2025\/04\/EB02.002__INT_06_C-625x794_0-e1743493509813.jpg?resize=525%2C300&ssl=1 1.5x"},"classes":[]},{"id":1760,"url":"https:\/\/www.paramedica.lt\/index.php\/greitosios-pagalbos-krepsys-eb02-008\/","url_meta":{"origin":1759,"position":3},"title":"Greitosios pagalbos krep\u0161ys EB02.008","author":"admin","date":"7 baland\u017eio, 2025","format":false,"excerpt":"Greitosios pagalbos krep\u0161ys EB02.008BLS krep\u0161ys. Viduje modulin\u0117 sistema patogiai susid\u0117ti medicinos priemon\u0117s bei prietaisus. Spalvoti nuimami d\u0117kliukai patogiam turinio r\u016b\u0161iavimui.\u00a0Krep\u0161ys yra parduodamas tu\u0161\u010dias.U\u017dSISAKYTI Detalus apra\u0161ymas Krep\u0161io ypatyb\u0117s:Pamink\u0161tinta rankena\u0160vies\u0105 atspindin\u010dios juostos geram matomumui\u017diedas, skirtas krep\u0161io pakabinimui oro transporteAnga skirta deguonies vamzdeliuiVieta identifikacinei korteleiNe\u0161imo b\u016bdai: rankoje, ant peties, kaip kuprin\u0119Dvi talpios i\u0161orin\u0117s\u2026","rel":"","context":"Similar post","block_context":{"text":"Similar post","link":""},"img":{"alt_text":"","src":"https:\/\/i0.wp.com\/www.paramedica.lt\/wp-content\/uploads\/2025\/04\/extremes-08-625x794_0-e1743490934517.jpg?resize=350%2C200&ssl=1","width":350,"height":200,"srcset":"https:\/\/i0.wp.com\/www.paramedica.lt\/wp-content\/uploads\/2025\/04\/extremes-08-625x794_0-e1743490934517.jpg?resize=350%2C200&ssl=1 1x, https:\/\/i0.wp.com\/www.paramedica.lt\/wp-content\/uploads\/2025\/04\/extremes-08-625x794_0-e1743490934517.jpg?resize=525%2C300&ssl=1 1.5x"},"classes":[]},{"id":1703,"url":"https:\/\/www.paramedica.lt\/index.php\/izoterminis-krepsys-meginiu-ir-skiepu-transportavimui-mini-cools-eb04-007\/","url_meta":{"origin":1759,"position":4},"title":"Izoterminis krep\u0161ys m\u0117gini\u0173 ir skiep\u0173 transportavimui MINI COOL\u2019S, EB04.007","author":"admin","date":"7 baland\u017eio, 2025","format":false,"excerpt":"Izoterminis krep\u0161ys m\u0117gini\u0173 ir skiep\u0173 transportavimui MINI COOL\u2019S, EB04.007\u0160is izoterminis krep\u0161ys yra lengvai transportuojamas, o jo kompakti\u0161kas dydis leid\u017eia vartotojui j\u012f pasiimti visur, kur tik reikia. Jo didel\u0117s talpos d\u0117ka jis puikiai tinka laboratorijoms, ligonin\u0117je atliekamiems kraujo tyrimams ir kraujo m\u0117giniams, bei netgi skiepams transportuoti, u\u017etikrinant tinkamas temperat\u016bros s\u0105lygas.U\u017dSISAKYTI Detalus\u2026","rel":"","context":"Similar post","block_context":{"text":"Similar post","link":""},"img":{"alt_text":"","src":"https:\/\/i0.wp.com\/www.paramedica.lt\/wp-content\/uploads\/2025\/03\/EB04.007-8-625x794_0-e1743418928412.jpg?resize=350%2C200&ssl=1","width":350,"height":200,"srcset":"https:\/\/i0.wp.com\/www.paramedica.lt\/wp-content\/uploads\/2025\/03\/EB04.007-8-625x794_0-e1743418928412.jpg?resize=350%2C200&ssl=1 1x, https:\/\/i0.wp.com\/www.paramedica.lt\/wp-content\/uploads\/2025\/03\/EB04.007-8-625x794_0-e1743418928412.jpg?resize=525%2C300&ssl=1 1.5x"},"classes":[]},{"id":3509,"url":"https:\/\/www.paramedica.lt\/index.php\/skillqube-qube15\/","url_meta":{"origin":1759,"position":5},"title":"Skillqube qube15","author":"admin","date":"27 bir\u017eelio, 2025","format":false,"excerpt":"Skillqube qube15Skillqube qube15 \u2013 tai pa\u017eangus medicinin\u0117s simuliacijos sprendimas, skirtas mokymams su LIFEPAK 15 defibriliatoriaus monitoriaus emuliacija. Plan\u0161et\u0117s pagrindu veikianti sistema suteikia realisti\u0161k\u0105 ir saugi\u0105 aplink\u0105 mokytis reanimacijos, defibriliacijos, pacemaker naudojimo bei EKG analiz\u0117s. Detalus apra\u0161ymas Skillqube qube15 yra inovatyvus simuliacinis sprendimas, sukurtas medicinos specialist\u0173 mokymams ir praktin\u0117ms treniruot\u0117ms. \u0160i\u2026","rel":"","context":"Similar post","block_context":{"text":"Similar post","link":""},"img":{"alt_text":"","src":"https:\/\/i0.wp.com\/www.paramedica.lt\/wp-content\/uploads\/2025\/06\/qube15_iPad-Mockups.png?resize=350%2C200&ssl=1","width":350,"height":200,"srcset":"https:\/\/i0.wp.com\/www.paramedica.lt\/wp-content\/uploads\/2025\/06\/qube15_iPad-Mockups.png?resize=350%2C200&ssl=1 1x, https:\/\/i0.wp.com\/www.paramedica.lt\/wp-content\/uploads\/2025\/06\/qube15_iPad-Mockups.png?resize=525%2C300&ssl=1 1.5x, https:\/\/i0.wp.com\/www.paramedica.lt\/wp-content\/uploads\/2025\/06\/qube15_iPad-Mockups.png?resize=700%2C400&ssl=1 2x"},"classes":[]}],"jetpack_sharing_enabled":true,"_links":{"self":[{"href":"https:\/\/www.paramedica.lt\/index.php\/wp-json\/wp\/v2\/pages\/1759","targetHints":{"allow":["GET"]}}],"collection":[{"href":"https:\/\/www.paramedica.lt\/index.php\/wp-json\/wp\/v2\/pages"}],"about":[{"href":"https:\/\/www.paramedica.lt\/index.php\/wp-json\/wp\/v2\/types\/page"}],"author":[{"embeddable":true,"href":"https:\/\/www.paramedica.lt\/index.php\/wp-json\/wp\/v2\/users\/1"}],"replies":[{"embeddable":true,"href":"https:\/\/www.paramedica.lt\/index.php\/wp-json\/wp\/v2\/comments?post=1759"}],"version-history":[{"count":6,"href":"https:\/\/www.paramedica.lt\/index.php\/wp-json\/wp\/v2\/pages\/1759\/revisions"}],"predecessor-version":[{"id":4105,"href":"https:\/\/www.paramedica.lt\/index.php\/wp-json\/wp\/v2\/pages\/1759\/revisions\/4105"}],"up":[{"embeddable":true,"href":"https:\/\/www.paramedica.lt\/index.php\/wp-json\/wp\/v2\/pages\/853"}],"wp:attachment":[{"href":"https:\/\/www.paramedica.lt\/index.php\/wp-json\/wp\/v2\/media?parent=1759"}],"curies":[{"name":"wp","href":"https:\/\/api.w.org\/{rel}","templated":true}]}}