{"id":1705,"date":"2025-04-07T17:03:14","date_gmt":"2025-04-07T15:03:14","guid":{"rendered":"https:\/\/www.paramedica.lt\/?page_id=1705"},"modified":"2026-04-21T11:59:43","modified_gmt":"2026-04-21T09:59:43","slug":"lengvas-krepsys-blue-tarpaulin-em13-057","status":"publish","type":"page","link":"https:\/\/www.paramedica.lt\/index.php\/lengvas-krepsys-blue-tarpaulin-em13-057\/","title":{"rendered":"Lengvas krep\u0161ys Blue Tarpaulin, EM13.057"},"content":{"rendered":"\n<section id=\"section-1afc59b3-e4b4-49d5-81c1-f998984194fc\" class=\"wp-block-gutentor-about-block gutentor-section gutentor-about about-template1 has-color-bg has-custom-bg g-pos-r-desktop g-pos-d-tablet g-pos-d-mobile\"><div class=\"grid-container\"><div class=\"gutentor-grid-item-wrap\"><div class=\"gutentor-single-item\"><div class=\"grid-row\"><div class=\"grid-md-6 about-grid\"><div class=\"gutentor-single-item-image-box\"><div class=\"gutentor-image-thumb\"><img data-recalc-dims=\"1\" fetchpriority=\"high\" decoding=\"async\" class=\"normal-image\" src=\"https:\/\/i0.wp.com\/www.paramedica.lt\/wp-content\/uploads\/2025\/03\/em13-057-625x794_0-e1743417086909.jpg?resize=625%2C430&#038;ssl=1\" alt=\"\" height=\"430\" width=\"625\"\/><div class=\"overlay\"><\/div><\/div><\/div><\/div><div class=\"grid-md-6 about-grid\"><div class=\"gutentor-single-item-content\"><div class=\"gutentor-about-content\"><h3 class=\"gutentor-single-item-title\"><strong>Lengvas krep\u0161ys Blue Tarpaulin, EM13.057<\/strong><\/h3><p class=\"gutentor-single-item-desc\">Krep\u0161ys pagamintas i\u0161 skys\u010diams atsparios ir lengvai valomos &#8222;Tarpaulin&#8221; med\u017eiagos. Prakti\u0161kas ir lengvas su dviem reguliuojamais vidiniais skirtukais ir u\u017esegama ki\u0161ene atver\u010diamame dangtyje, lengvam priemoni\u0173 ir med\u017eiag\u0173 pasiekimui.<br>Taip pat turi tris i\u0161orines ki\u0161enes. Priekin\u0117je ki\u0161en\u0117je yra elastin\u0117s gumin\u0117s kilpos patogiam priemoni\u0173 patalpinimui.<br><br><strong><a href=\"https:\/\/medikui.lt\/lengvas-krepsys-blue-tarpaulin-em13-057\"><mark style=\"background-color:rgba(0, 0, 0, 0)\" class=\"has-inline-color has-vivid-red-color\">U\u017dSISAKYTI<\/mark><\/a><\/strong><\/p><\/div><\/div><\/div><\/div><\/div><\/div><\/div><\/section>\n\n\n\n<section id=\"section-g-lbh7n6e\" class=\"wp-block-gutentor-gallery gutentor-section gutentor-gallery gutentor-gallery-wrapper enable-masonry gallery-template2 g-pos-r-desktop g-pos-d-tablet g-pos-d-mobile\"><div class=\"grid-container\"><div class=\"gutentor-block-header\"><div class=\"gutentor-section-title text-center\"><h2 class=\"gutentor-title\"><\/h2><\/div><\/div><div class=\"grid-row gutentor-grid-item-wrap full-width-row\"><div class=\"gutentor-gallery-item grid-lg-2 grid-md-4 grid-4\"><div class=\"gutentor-single-item gutentor-image gutentor-single-item-0\"><div class=\"gutentor-gallery-item-wrap\"><div class=\"gutentor-single-item-image-box\"><div class=\"gutentor-image-thumb\"><img data-recalc-dims=\"1\" fetchpriority=\"high\" decoding=\"async\" class=\"normal-image\" src=\"https:\/\/i0.wp.com\/www.paramedica.lt\/wp-content\/uploads\/2025\/03\/em13-057-625x794_0-e1743417086909.jpg?resize=625%2C430&#038;ssl=1\" alt=\"\" height=\"430\" width=\"625\"\/><div class=\"overlay\"><\/div><\/div><\/div><div class=\"gutentor-single-item-content\"><div class=\"gutentor-gallery-item-header\"><h4 class=\"gutentor-single-item-title\"><\/h4><a href=\"https:\/\/www.paramedica.lt\/wp-content\/uploads\/2025\/03\/em13-057-625x794_0-e1743417086909.jpg\" class=\"image-gallery\"><i class=\"gallery-icon fas fa-font-awesome-logo-full\"><\/i><\/a><\/div><div class=\"gutentor-gallery-item-desc\"><\/div><\/div><\/div><\/div><\/div><div class=\"gutentor-gallery-item grid-lg-2 grid-md-4 grid-4\"><div class=\"gutentor-single-item gutentor-image gutentor-single-item-1\"><div class=\"gutentor-gallery-item-wrap\"><div class=\"gutentor-single-item-image-box\"><div class=\"gutentor-image-thumb\"><img data-recalc-dims=\"1\" decoding=\"async\" class=\"normal-image\" src=\"https:\/\/i0.wp.com\/www.paramedica.lt\/wp-content\/uploads\/2025\/03\/em13-057-rear-625x794_0-e1743417150818.jpg?resize=625%2C476&#038;ssl=1\" alt=\"\" height=\"476\" width=\"625\"\/><div class=\"overlay\"><\/div><\/div><\/div><div class=\"gutentor-single-item-content\"><div class=\"gutentor-gallery-item-header\"><h4 class=\"gutentor-single-item-title\"><\/h4><a href=\"https:\/\/www.paramedica.lt\/wp-content\/uploads\/2025\/03\/em13-057-rear-625x794_0-e1743417150818.jpg\" class=\"image-gallery\"><i class=\"gallery-icon fas fa-font-awesome-logo-full\"><\/i><\/a><\/div><div class=\"gutentor-gallery-item-desc\"><\/div><\/div><\/div><\/div><\/div><div class=\"gutentor-gallery-item grid-lg-2 grid-md-4 grid-4\"><div class=\"gutentor-single-item gutentor-image gutentor-single-item-2\"><div class=\"gutentor-gallery-item-wrap\"><div class=\"gutentor-single-item-image-box\"><div class=\"gutentor-image-thumb\"><img data-recalc-dims=\"1\" decoding=\"async\" class=\"normal-image\" src=\"https:\/\/i0.wp.com\/www.paramedica.lt\/wp-content\/uploads\/2025\/03\/em13-057_front-625x794_0-e1743417180260.jpg?resize=625%2C635&#038;ssl=1\" alt=\"\" height=\"635\" width=\"625\"\/><div class=\"overlay\"><\/div><\/div><\/div><div class=\"gutentor-single-item-content\"><div class=\"gutentor-gallery-item-header\"><h4 class=\"gutentor-single-item-title\"><\/h4><a href=\"https:\/\/www.paramedica.lt\/wp-content\/uploads\/2025\/03\/em13-057_front-625x794_0-e1743417180260.jpg\" class=\"image-gallery\"><i class=\"gallery-icon fas fa-font-awesome-logo-full\"><\/i><\/a><\/div><div class=\"gutentor-gallery-item-desc\"><\/div><\/div><\/div><\/div><\/div><\/div><\/div><\/section>\n\n\n\n<section id=\"ee1ad8\" class=\"section-ee1ad8 gutentor-module gutentor-module-accordion g-pos-r-desktop g-pos-d-tablet g-pos-d-mobile g-pos-custom-desktop\"><div class=\"grid-container\">\n<div id=\"cb1c6c\" class=\"wp-block-gutentor-m6-item section-cb1c6c gutentor-module gutentor-module-accordion-item\"><div class=\"gutentor-module-accordion-panel g-a-panel-ee1ad8\"><div tabindex=\"0\" class=\"gm-ah-ee1ad8 gutentor-module-accordion-item-heading gutentor-module-icon-position-right\"><span class=\"gutentor-module-accordion-panel-handler\" role=\"button\"><span class=\"gutentor-module-accordion-panel-handler-label\"><strong>Detalus<\/strong> <strong>apra\u0161ymas<\/strong><\/span><span class=\"gutentor-module-accordion-icon\"><i class=\"gm-aio-ee1ad8 gutentor-module-accordion-icon-open fas fa-plus\"><\/i><i class=\"gm-aic-ee1ad8 gutentor-module-accordion-icon-close fas fa-minus\"><\/i><\/span><\/span><\/div><div class=\"gm-ab-ee1ad8 gutentor-module-accordion-body\">\n<div id=\"section-g72290f\" class=\"wp-block-gutentor-e0 section-g72290f gutentor-element gutentor-element-advanced-text\"><div class=\"gutentor-text-wrap\"><p class=\"gutentor-text\">\u2022 Patikimi u\u017etrauktukai<br>\u2022 \u0160vies\u0105 atspindin\u010dios juostos<br>\u2022 Lengvai plaunama med\u017eiaga<br>\u2022 Sustiprintos rankenos ir petne\u0161\u0117l\u0117s<\/p><\/div><\/div>\n<\/div><\/div><\/div>\n\n\n\n<div id=\"b04c70\" class=\"wp-block-gutentor-m6-item section-b04c70 gutentor-module gutentor-module-accordion-item\"><div class=\"gutentor-module-accordion-panel g-a-panel-ee1ad8\"><div tabindex=\"0\" class=\"gm-ah-ee1ad8 gutentor-module-accordion-item-heading gutentor-module-icon-position-right\"><span class=\"gutentor-module-accordion-panel-handler\" role=\"button\"><span class=\"gutentor-module-accordion-panel-handler-label\"><strong>Techniniai parametrai<\/strong><\/span><span class=\"gutentor-module-accordion-icon\"><i class=\"gm-aio-ee1ad8 gutentor-module-accordion-icon-open fas fa-plus\"><\/i><i class=\"gm-aic-ee1ad8 gutentor-module-accordion-icon-close fas fa-minus\"><\/i><\/span><\/span><\/div><div class=\"gm-ab-ee1ad8 gutentor-module-accordion-body\">\n<div id=\"section-g45c243\" class=\"wp-block-gutentor-e0 section-g45c243 gutentor-element gutentor-element-advanced-text\"><div class=\"gutentor-text-wrap\"><p class=\"gutentor-text\">Svoris: 1,26 kg<br>Matmenys: 44 \u00d7 25 \u00d7 27 cm<br>Talpa: 21 L<br>Spalva: M\u0116LYNA<br>Med\u017eiaga: TARPAULIN (plaunama)<\/p><\/div><\/div>\n<\/div><\/div><\/div>\n<\/div><\/section>\n\n\n\n<p><\/p>\n","protected":false},"excerpt":{"rendered":"","protected":false},"author":1,"featured_media":0,"parent":0,"menu_order":0,"comment_status":"closed","ping_status":"closed","template":"","meta":{"footnotes":""},"class_list":["post-1705","page","type-page","status-publish","hentry"],"yoast_head":"<!-- This site is optimized with the Yoast SEO plugin v27.5 - https:\/\/yoast.com\/product\/yoast-seo-wordpress\/ -->\n<title>Lengvas krep\u0161ys Blue Tarpaulin, EM13.057 - Paramedica Lietuva<\/title>\n<meta name=\"description\" content=\"Patvarus ir lengvas medicininis krep\u0161ys i\u0161 Tarpaulin med\u017eiagos. Atsparus skys\u010diams, lengvai valomas, su reguliuojamomis pertvaromis ir i\u0161orin\u0117mis ki\u0161en\u0117mis.\" \/>\n<meta name=\"robots\" content=\"index, follow, max-snippet:-1, max-image-preview:large, max-video-preview:-1\" \/>\n<link rel=\"canonical\" href=\"https:\/\/www.paramedica.lt\/index.php\/lengvas-krepsys-blue-tarpaulin-em13-057\/\" \/>\n<meta property=\"og:locale\" content=\"lt_LT\" \/>\n<meta property=\"og:type\" content=\"article\" \/>\n<meta property=\"og:title\" content=\"Lengvas krep\u0161ys Blue Tarpaulin, EM13.057 - Paramedica Lietuva\" \/>\n<meta property=\"og:description\" content=\"Patvarus ir lengvas medicininis krep\u0161ys i\u0161 Tarpaulin med\u017eiagos. Atsparus skys\u010diams, lengvai valomas, su reguliuojamomis pertvaromis ir i\u0161orin\u0117mis ki\u0161en\u0117mis.\" \/>\n<meta property=\"og:url\" content=\"https:\/\/www.paramedica.lt\/index.php\/lengvas-krepsys-blue-tarpaulin-em13-057\/\" \/>\n<meta property=\"og:site_name\" content=\"Paramedica Lietuva\" \/>\n<meta property=\"article:modified_time\" content=\"2026-04-21T09:59:43+00:00\" \/>\n<meta property=\"og:image\" content=\"https:\/\/www.paramedica.lt\/wp-content\/uploads\/2025\/03\/em13-057-625x794_0-e1743417086909.jpg\" \/>\n<meta name=\"twitter:card\" content=\"summary_large_image\" \/>\n<script type=\"application\/ld+json\" class=\"yoast-schema-graph\">{\"@context\":\"https:\\\/\\\/schema.org\",\"@graph\":[{\"@type\":\"WebPage\",\"@id\":\"https:\\\/\\\/www.paramedica.lt\\\/index.php\\\/lengvas-krepsys-blue-tarpaulin-em13-057\\\/\",\"url\":\"https:\\\/\\\/www.paramedica.lt\\\/index.php\\\/lengvas-krepsys-blue-tarpaulin-em13-057\\\/\",\"name\":\"Lengvas krep\u0161ys Blue Tarpaulin, EM13.057 - Paramedica Lietuva\",\"isPartOf\":{\"@id\":\"https:\\\/\\\/www.paramedica.lt\\\/#website\"},\"primaryImageOfPage\":{\"@id\":\"https:\\\/\\\/www.paramedica.lt\\\/index.php\\\/lengvas-krepsys-blue-tarpaulin-em13-057\\\/#primaryimage\"},\"image\":{\"@id\":\"https:\\\/\\\/www.paramedica.lt\\\/index.php\\\/lengvas-krepsys-blue-tarpaulin-em13-057\\\/#primaryimage\"},\"thumbnailUrl\":\"https:\\\/\\\/www.paramedica.lt\\\/wp-content\\\/uploads\\\/2025\\\/03\\\/em13-057-625x794_0-e1743417086909.jpg\",\"datePublished\":\"2025-04-07T15:03:14+00:00\",\"dateModified\":\"2026-04-21T09:59:43+00:00\",\"description\":\"Patvarus ir lengvas medicininis krep\u0161ys i\u0161 Tarpaulin med\u017eiagos. Atsparus skys\u010diams, lengvai valomas, su reguliuojamomis pertvaromis ir i\u0161orin\u0117mis ki\u0161en\u0117mis.\",\"breadcrumb\":{\"@id\":\"https:\\\/\\\/www.paramedica.lt\\\/index.php\\\/lengvas-krepsys-blue-tarpaulin-em13-057\\\/#breadcrumb\"},\"inLanguage\":\"lt-LT\",\"potentialAction\":[{\"@type\":\"ReadAction\",\"target\":[\"https:\\\/\\\/www.paramedica.lt\\\/index.php\\\/lengvas-krepsys-blue-tarpaulin-em13-057\\\/\"]}]},{\"@type\":\"ImageObject\",\"inLanguage\":\"lt-LT\",\"@id\":\"https:\\\/\\\/www.paramedica.lt\\\/index.php\\\/lengvas-krepsys-blue-tarpaulin-em13-057\\\/#primaryimage\",\"url\":\"https:\\\/\\\/www.paramedica.lt\\\/wp-content\\\/uploads\\\/2025\\\/03\\\/em13-057-625x794_0-e1743417086909.jpg\",\"contentUrl\":\"https:\\\/\\\/www.paramedica.lt\\\/wp-content\\\/uploads\\\/2025\\\/03\\\/em13-057-625x794_0-e1743417086909.jpg\"},{\"@type\":\"BreadcrumbList\",\"@id\":\"https:\\\/\\\/www.paramedica.lt\\\/index.php\\\/lengvas-krepsys-blue-tarpaulin-em13-057\\\/#breadcrumb\",\"itemListElement\":[{\"@type\":\"ListItem\",\"position\":1,\"name\":\"Paramedica\",\"item\":\"https:\\\/\\\/www.paramedica.lt\\\/\"},{\"@type\":\"ListItem\",\"position\":2,\"name\":\"Lengvas krep\u0161ys Blue Tarpaulin, EM13.057\"}]},{\"@type\":\"WebSite\",\"@id\":\"https:\\\/\\\/www.paramedica.lt\\\/#website\",\"url\":\"https:\\\/\\\/www.paramedica.lt\\\/\",\"name\":\"Paramedica Lietuva\",\"description\":\"R\u016bpinam\u0117s teikian\u010diais pagalb\u0105\",\"publisher\":{\"@id\":\"https:\\\/\\\/www.paramedica.lt\\\/#organization\"},\"potentialAction\":[{\"@type\":\"SearchAction\",\"target\":{\"@type\":\"EntryPoint\",\"urlTemplate\":\"https:\\\/\\\/www.paramedica.lt\\\/?s={search_term_string}\"},\"query-input\":{\"@type\":\"PropertyValueSpecification\",\"valueRequired\":true,\"valueName\":\"search_term_string\"}}],\"inLanguage\":\"lt-LT\"},{\"@type\":\"Organization\",\"@id\":\"https:\\\/\\\/www.paramedica.lt\\\/#organization\",\"name\":\"Paramedica Lietuva\",\"url\":\"https:\\\/\\\/www.paramedica.lt\\\/\",\"logo\":{\"@type\":\"ImageObject\",\"inLanguage\":\"lt-LT\",\"@id\":\"https:\\\/\\\/www.paramedica.lt\\\/#\\\/schema\\\/logo\\\/image\\\/\",\"url\":\"https:\\\/\\\/i0.wp.com\\\/www.paramedica.lt\\\/wp-content\\\/uploads\\\/2021\\\/11\\\/logo_paramedica-lietuva.png?fit=216%2C116&ssl=1\",\"contentUrl\":\"https:\\\/\\\/i0.wp.com\\\/www.paramedica.lt\\\/wp-content\\\/uploads\\\/2021\\\/11\\\/logo_paramedica-lietuva.png?fit=216%2C116&ssl=1\",\"width\":216,\"height\":116,\"caption\":\"Paramedica Lietuva\"},\"image\":{\"@id\":\"https:\\\/\\\/www.paramedica.lt\\\/#\\\/schema\\\/logo\\\/image\\\/\"}}]}<\/script>\n<!-- \/ Yoast SEO plugin. -->","yoast_head_json":{"title":"Lengvas krep\u0161ys Blue Tarpaulin, EM13.057 - Paramedica Lietuva","description":"Patvarus ir lengvas medicininis krep\u0161ys i\u0161 Tarpaulin med\u017eiagos. Atsparus skys\u010diams, lengvai valomas, su reguliuojamomis pertvaromis ir i\u0161orin\u0117mis ki\u0161en\u0117mis.","robots":{"index":"index","follow":"follow","max-snippet":"max-snippet:-1","max-image-preview":"max-image-preview:large","max-video-preview":"max-video-preview:-1"},"canonical":"https:\/\/www.paramedica.lt\/index.php\/lengvas-krepsys-blue-tarpaulin-em13-057\/","og_locale":"lt_LT","og_type":"article","og_title":"Lengvas krep\u0161ys Blue Tarpaulin, EM13.057 - Paramedica Lietuva","og_description":"Patvarus ir lengvas medicininis krep\u0161ys i\u0161 Tarpaulin med\u017eiagos. Atsparus skys\u010diams, lengvai valomas, su reguliuojamomis pertvaromis ir i\u0161orin\u0117mis ki\u0161en\u0117mis.","og_url":"https:\/\/www.paramedica.lt\/index.php\/lengvas-krepsys-blue-tarpaulin-em13-057\/","og_site_name":"Paramedica Lietuva","article_modified_time":"2026-04-21T09:59:43+00:00","og_image":[{"url":"https:\/\/www.paramedica.lt\/wp-content\/uploads\/2025\/03\/em13-057-625x794_0-e1743417086909.jpg","type":"","width":"","height":""}],"twitter_card":"summary_large_image","schema":{"@context":"https:\/\/schema.org","@graph":[{"@type":"WebPage","@id":"https:\/\/www.paramedica.lt\/index.php\/lengvas-krepsys-blue-tarpaulin-em13-057\/","url":"https:\/\/www.paramedica.lt\/index.php\/lengvas-krepsys-blue-tarpaulin-em13-057\/","name":"Lengvas krep\u0161ys Blue Tarpaulin, EM13.057 - Paramedica Lietuva","isPartOf":{"@id":"https:\/\/www.paramedica.lt\/#website"},"primaryImageOfPage":{"@id":"https:\/\/www.paramedica.lt\/index.php\/lengvas-krepsys-blue-tarpaulin-em13-057\/#primaryimage"},"image":{"@id":"https:\/\/www.paramedica.lt\/index.php\/lengvas-krepsys-blue-tarpaulin-em13-057\/#primaryimage"},"thumbnailUrl":"https:\/\/www.paramedica.lt\/wp-content\/uploads\/2025\/03\/em13-057-625x794_0-e1743417086909.jpg","datePublished":"2025-04-07T15:03:14+00:00","dateModified":"2026-04-21T09:59:43+00:00","description":"Patvarus ir lengvas medicininis krep\u0161ys i\u0161 Tarpaulin med\u017eiagos. Atsparus skys\u010diams, lengvai valomas, su reguliuojamomis pertvaromis ir i\u0161orin\u0117mis ki\u0161en\u0117mis.","breadcrumb":{"@id":"https:\/\/www.paramedica.lt\/index.php\/lengvas-krepsys-blue-tarpaulin-em13-057\/#breadcrumb"},"inLanguage":"lt-LT","potentialAction":[{"@type":"ReadAction","target":["https:\/\/www.paramedica.lt\/index.php\/lengvas-krepsys-blue-tarpaulin-em13-057\/"]}]},{"@type":"ImageObject","inLanguage":"lt-LT","@id":"https:\/\/www.paramedica.lt\/index.php\/lengvas-krepsys-blue-tarpaulin-em13-057\/#primaryimage","url":"https:\/\/www.paramedica.lt\/wp-content\/uploads\/2025\/03\/em13-057-625x794_0-e1743417086909.jpg","contentUrl":"https:\/\/www.paramedica.lt\/wp-content\/uploads\/2025\/03\/em13-057-625x794_0-e1743417086909.jpg"},{"@type":"BreadcrumbList","@id":"https:\/\/www.paramedica.lt\/index.php\/lengvas-krepsys-blue-tarpaulin-em13-057\/#breadcrumb","itemListElement":[{"@type":"ListItem","position":1,"name":"Paramedica","item":"https:\/\/www.paramedica.lt\/"},{"@type":"ListItem","position":2,"name":"Lengvas krep\u0161ys Blue Tarpaulin, EM13.057"}]},{"@type":"WebSite","@id":"https:\/\/www.paramedica.lt\/#website","url":"https:\/\/www.paramedica.lt\/","name":"Paramedica Lietuva","description":"R\u016bpinam\u0117s teikian\u010diais pagalb\u0105","publisher":{"@id":"https:\/\/www.paramedica.lt\/#organization"},"potentialAction":[{"@type":"SearchAction","target":{"@type":"EntryPoint","urlTemplate":"https:\/\/www.paramedica.lt\/?s={search_term_string}"},"query-input":{"@type":"PropertyValueSpecification","valueRequired":true,"valueName":"search_term_string"}}],"inLanguage":"lt-LT"},{"@type":"Organization","@id":"https:\/\/www.paramedica.lt\/#organization","name":"Paramedica Lietuva","url":"https:\/\/www.paramedica.lt\/","logo":{"@type":"ImageObject","inLanguage":"lt-LT","@id":"https:\/\/www.paramedica.lt\/#\/schema\/logo\/image\/","url":"https:\/\/i0.wp.com\/www.paramedica.lt\/wp-content\/uploads\/2021\/11\/logo_paramedica-lietuva.png?fit=216%2C116&ssl=1","contentUrl":"https:\/\/i0.wp.com\/www.paramedica.lt\/wp-content\/uploads\/2021\/11\/logo_paramedica-lietuva.png?fit=216%2C116&ssl=1","width":216,"height":116,"caption":"Paramedica Lietuva"},"image":{"@id":"https:\/\/www.paramedica.lt\/#\/schema\/logo\/image\/"}}]}},"jetpack-related-posts":[{"id":1186,"url":"https:\/\/www.paramedica.lt\/index.php\/medicininiai-krepsiai-ligoninei\/","url_meta":{"origin":1705,"position":0},"title":"Medicininiai krep\u0161iai ligoninei","author":"admin","date":"5 kovo, 2025","format":false,"excerpt":"Odinis gydytojo krep\u0161ys CLASSYS, EB12.005 Krep\u0161ys nam\u0173 vizitams TECBAGS, EB00.022 Izoterminis krep\u0161ys m\u0117gini\u0173 transportavimui ROW XL, EB04.008 Skubios pagalbos krep\u0161ys, EM13.042 Medicininis krep\u0161ys sportui MEDICs, EB06.005 Skubios pagalbos krep\u0161ys su spalvotais d\u0117kliukais MIC-M+PRAXIS Lengvas krep\u0161ys Blue Tarpaulin, EM13.057 Didel\u0117s talpos med.krep\u0161ys, EM13.003 Pirmosios pagalbos krep\u0161ys MULTYs, EB06.015 Mini krep\u0161ys deguonies\u2026","rel":"","context":"Similar post","block_context":{"text":"Similar post","link":""},"img":{"alt_text":"","src":"","width":0,"height":0},"classes":[]},{"id":1156,"url":"https:\/\/www.paramedica.lt\/index.php\/medicininiai-krepsiai-gmp\/","url_meta":{"origin":1705,"position":1},"title":"Medicininiai krep\u0161iai GMP","author":"admin","date":"5 kovo, 2025","format":false,"excerpt":"Odinis gydytojo krep\u0161ys CLASSYS, EB12.005 Krep\u0161ys nam\u0173 vizitams TECBAGS, EB00.022 Izoterminis krep\u0161ys m\u0117gini\u0173 transportavimui ROW XL, EB04.008 Skubios pagalbos krep\u0161ys, EM13.042 Medicininis krep\u0161ys sportui MEDICs, EB06.005 Skubios pagalbos krep\u0161ys su spalvotais d\u0117kliukais MIC-M+PRAXIS Lengvas krep\u0161ys Blue Tarpaulin, EM13.057 Didel\u0117s talpos med.krep\u0161ys, EM13.003 Pirmosios pagalbos krep\u0161ys MULTYs, EB06.015 Mini krep\u0161ys deguonies\u2026","rel":"","context":"Similar post","block_context":{"text":"Similar post","link":""},"img":{"alt_text":"","src":"","width":0,"height":0},"classes":[]},{"id":1757,"url":"https:\/\/www.paramedica.lt\/index.php\/lengvas-medicininis-krepsys-eb06-009\/","url_meta":{"origin":1705,"position":2},"title":"Lengvas medicininis krep\u0161ys, EB06.009","author":"admin","date":"7 baland\u017eio, 2025","format":false,"excerpt":"Lengvas medicininis krep\u0161ys, EB06.009Lengvas krep\u0161ys, skirtas puikiai sutalpinti reikiam\u0105 medicinin\u0119 \u012frang\u0105. D\u0117l korin\u0117s laikymo sistemos suteikia greit\u0105 ir lengv\u0105 prieig\u0105 prie vis\u0173 priemoni\u0173 ir med\u017eiag\u0173. D\u0117l kompakti\u0161ko dyd\u017eio ir universalumo \u0161is krep\u0161ys puikiai tinka kineziterapijai ar nam\u0173 vizitams.U\u017dSISAKYTI Detalus apra\u0161ymas Krep\u0161io ypatumai:Lengva, atspari ir neslystanti med\u017eiagaU\u017etrauktukas su galimybe u\u017erakinti pakabinama\u2026","rel":"","context":"Similar post","block_context":{"text":"Similar post","link":""},"img":{"alt_text":"","src":"https:\/\/i0.wp.com\/www.paramedica.lt\/wp-content\/uploads\/2025\/04\/EB06.009_Acc_Open-625x794_0-e1743490377207.jpg?resize=350%2C200&ssl=1","width":350,"height":200,"srcset":"https:\/\/i0.wp.com\/www.paramedica.lt\/wp-content\/uploads\/2025\/04\/EB06.009_Acc_Open-625x794_0-e1743490377207.jpg?resize=350%2C200&ssl=1 1x, https:\/\/i0.wp.com\/www.paramedica.lt\/wp-content\/uploads\/2025\/04\/EB06.009_Acc_Open-625x794_0-e1743490377207.jpg?resize=525%2C300&ssl=1 1.5x"},"classes":[]},{"id":1656,"url":"https:\/\/www.paramedica.lt\/index.php\/skubios-pagalbos-krepsys-em13-042\/","url_meta":{"origin":1705,"position":3},"title":"Skubios pagalbos krep\u0161ys, EM13.042","author":"admin","date":"7 baland\u017eio, 2025","format":false,"excerpt":"Skubios pagalbos krep\u0161ys, EM13.042Prakti\u0161kas ir lengvas skubios pagalbos krep\u0161ys su dviem reguliuojamais vidiniais skirtukais ir atver\u010diamoje dang\u010dio dalyje esan\u010dia ki\u0161ene. Krep\u0161yje taip pat yra trys i\u0161orin\u0117s ki\u0161en\u0117s, dvi i\u0161 j\u0173 yra \u0161onose, viena - priekyje su elastin\u0117mis gumin\u0117mis juostomis leid\u017eian\u010diomis tvarkingai susid\u0117ti \u012fvairias med. priemones.\u00a0Krep\u0161ys yra parduodamas tu\u0161\u010dias.U\u017dSISAKYTI Detalus apra\u0161ymas\u2026","rel":"","context":"Similar post","block_context":{"text":"Similar post","link":""},"img":{"alt_text":"","src":"https:\/\/i0.wp.com\/www.paramedica.lt\/wp-content\/uploads\/2025\/03\/em13-042_open-625x794_0-e1743415498105.png?resize=350%2C200&ssl=1","width":350,"height":200,"srcset":"https:\/\/i0.wp.com\/www.paramedica.lt\/wp-content\/uploads\/2025\/03\/em13-042_open-625x794_0-e1743415498105.png?resize=350%2C200&ssl=1 1x, https:\/\/i0.wp.com\/www.paramedica.lt\/wp-content\/uploads\/2025\/03\/em13-042_open-625x794_0-e1743415498105.png?resize=525%2C300&ssl=1 1.5x"},"classes":[]},{"id":1802,"url":"https:\/\/www.paramedica.lt\/index.php\/skubios-pagalbos-krepsys-em13-001\/","url_meta":{"origin":1705,"position":4},"title":"Skubios pagalbos krep\u0161ys, EM13.001","author":"admin","date":"7 baland\u017eio, 2025","format":false,"excerpt":"Skubios pagalbos krep\u0161ys, EM13.001Prakti\u0161kas ir lengvas skubios pagalbos krep\u0161ys su dviem reguliuojamais vidiniais skirtukais ir atver\u010diamoje dang\u010dio dalyje esan\u010dia ki\u0161ene. Krep\u0161yje taip pat yra trys i\u0161orin\u0117s ki\u0161en\u0117s, dvi i\u0161 j\u0173 yra \u0161onose, viena - priekyje su elastin\u0117mis gumin\u0117mis juostomis leid\u017eian\u010diomis tvarkingai susid\u0117ti \u012fvairias med. priemones.\u00a0Krep\u0161ys yra parduodamas tu\u0161\u010dias.U\u017dSISAKYTI Detalus apra\u0161ymas\u2026","rel":"","context":"Similar post","block_context":{"text":"Similar post","link":""},"img":{"alt_text":"","src":"https:\/\/i0.wp.com\/www.paramedica.lt\/wp-content\/uploads\/2025\/04\/spalvos-625x794_0-e1743493100590.png?resize=350%2C200&ssl=1","width":350,"height":200,"srcset":"https:\/\/i0.wp.com\/www.paramedica.lt\/wp-content\/uploads\/2025\/04\/spalvos-625x794_0-e1743493100590.png?resize=350%2C200&ssl=1 1x, https:\/\/i0.wp.com\/www.paramedica.lt\/wp-content\/uploads\/2025\/04\/spalvos-625x794_0-e1743493100590.png?resize=525%2C300&ssl=1 1.5x"},"classes":[]},{"id":1615,"url":"https:\/\/www.paramedica.lt\/index.php\/sulankstomi-nestuvai-gofast\/","url_meta":{"origin":1705,"position":5},"title":"Sulankstomi ne\u0161tuvai GOFAST","author":"admin","date":"7 baland\u017eio, 2025","format":false,"excerpt":"Sulankstomi ne\u0161tuvai GOFASTGOFAST sulankstomi ne\u0161tuvai \u2013 tai puikus sprendimas ekstremalioms situacijoms. J\u0173 patvari konstrukcija ir lengvas dizainas u\u017etikrina saug\u0173 ir patog\u0173 naudojim\u0105. Sulankstomas formatas leid\u017eia kompakti\u0161kai juos laikyti, o stiprios rankenos leid\u017eia keliems gelb\u0117tojams lengvai ir saugiai transportuoti pacient\u0105. Stabilus pavir\u0161ius ir atramin\u0117s pagalv\u0117l\u0117s suteikia komfort\u0105 ir stabilum\u0105 gaivinimo metu,\u2026","rel":"","context":"Similar post","block_context":{"text":"Similar post","link":""},"img":{"alt_text":"","src":"https:\/\/i0.wp.com\/www.paramedica.lt\/wp-content\/uploads\/2025\/03\/03-EB02.064-gofast-camilla_plegable_evacuacion-elite-bags-front.jpg?resize=350%2C200&ssl=1","width":350,"height":200,"srcset":"https:\/\/i0.wp.com\/www.paramedica.lt\/wp-content\/uploads\/2025\/03\/03-EB02.064-gofast-camilla_plegable_evacuacion-elite-bags-front.jpg?resize=350%2C200&ssl=1 1x, https:\/\/i0.wp.com\/www.paramedica.lt\/wp-content\/uploads\/2025\/03\/03-EB02.064-gofast-camilla_plegable_evacuacion-elite-bags-front.jpg?resize=525%2C300&ssl=1 1.5x, https:\/\/i0.wp.com\/www.paramedica.lt\/wp-content\/uploads\/2025\/03\/03-EB02.064-gofast-camilla_plegable_evacuacion-elite-bags-front.jpg?resize=700%2C400&ssl=1 2x, https:\/\/i0.wp.com\/www.paramedica.lt\/wp-content\/uploads\/2025\/03\/03-EB02.064-gofast-camilla_plegable_evacuacion-elite-bags-front.jpg?resize=1050%2C600&ssl=1 3x"},"classes":[]}],"jetpack_sharing_enabled":true,"_links":{"self":[{"href":"https:\/\/www.paramedica.lt\/index.php\/wp-json\/wp\/v2\/pages\/1705","targetHints":{"allow":["GET"]}}],"collection":[{"href":"https:\/\/www.paramedica.lt\/index.php\/wp-json\/wp\/v2\/pages"}],"about":[{"href":"https:\/\/www.paramedica.lt\/index.php\/wp-json\/wp\/v2\/types\/page"}],"author":[{"embeddable":true,"href":"https:\/\/www.paramedica.lt\/index.php\/wp-json\/wp\/v2\/users\/1"}],"replies":[{"embeddable":true,"href":"https:\/\/www.paramedica.lt\/index.php\/wp-json\/wp\/v2\/comments?post=1705"}],"version-history":[{"count":6,"href":"https:\/\/www.paramedica.lt\/index.php\/wp-json\/wp\/v2\/pages\/1705\/revisions"}],"predecessor-version":[{"id":4094,"href":"https:\/\/www.paramedica.lt\/index.php\/wp-json\/wp\/v2\/pages\/1705\/revisions\/4094"}],"wp:attachment":[{"href":"https:\/\/www.paramedica.lt\/index.php\/wp-json\/wp\/v2\/media?parent=1705"}],"curies":[{"name":"wp","href":"https:\/\/api.w.org\/{rel}","templated":true}]}}