{"id":1596,"date":"2025-04-02T16:44:55","date_gmt":"2025-04-02T14:44:55","guid":{"rendered":"https:\/\/www.paramedica.lt\/?page_id=1596"},"modified":"2026-04-21T11:54:20","modified_gmt":"2026-04-21T09:54:20","slug":"taktine-liemene-e-vests-red","status":"publish","type":"page","link":"https:\/\/www.paramedica.lt\/index.php\/taktine-liemene-e-vests-red\/","title":{"rendered":"Taktin\u0117 liemen\u0117 E-VEST\u2019S red"},"content":{"rendered":"\n<section id=\"section-1afc59b3-e4b4-49d5-81c1-f998984194fc\" class=\"wp-block-gutentor-about-block gutentor-section gutentor-about about-template1 has-color-bg has-custom-bg g-pos-r-desktop g-pos-d-tablet g-pos-d-mobile\"><div class=\"grid-container\"><div class=\"gutentor-grid-item-wrap\"><div class=\"gutentor-single-item\"><div class=\"grid-row\"><div class=\"grid-md-6 about-grid\"><div class=\"gutentor-single-item-image-box\"><div class=\"gutentor-image-thumb\"><img data-recalc-dims=\"1\" fetchpriority=\"high\" decoding=\"async\" class=\"normal-image\" src=\"https:\/\/i0.wp.com\/www.paramedica.lt\/wp-content\/uploads\/2025\/03\/EB02.050_Front_Empty_01-625x794_0-e1743163002102.jpg?resize=625%2C590&#038;ssl=1\" alt=\"\" height=\"590\" width=\"625\"\/><div class=\"overlay\"><\/div><\/div><\/div><\/div><div class=\"grid-md-6 about-grid\"><div class=\"gutentor-single-item-content\"><div class=\"gutentor-about-content\"><h3 class=\"gutentor-single-item-title\"><strong>Taktin\u0117 liemen\u0117 E-VEST\u2019S red<\/strong><\/h3><p class=\"gutentor-single-item-desc\">Universali taktin\u0117 liemen\u0117. Dviej\u0173 dyd\u017ei\u0173, nuo S iki M ir nuo L iki XL. Sukurta i\u0161 tinklinio audinio su gerai matoma atspindin\u010dia juosta aplink. Yra dvi i\u0161orin\u0117s priekin\u0117s ki\u0161en\u0117s \u012fvairioms priemon\u0117ms, dvi didel\u0117s talpos vidin\u0117s plok\u0161\u010dios ki\u0161en\u0117s, bei vidinis skyrius nugaroje hidrataciniam mai\u0161ui. \u0160onuose yra MOLLE sistema papildomiems d\u0117kliukams arba med. priemon\u0117ms pritvirtinti.<br><br><strong><a href=\"https:\/\/medikui.lt\/gmp-darbuotojo-taktine-liemene\"><mark style=\"background-color:rgba(0, 0, 0, 0)\" class=\"has-inline-color has-vivid-red-color\">U\u017dSISAKYTI<\/mark><\/a><\/strong><\/p><\/div><\/div><\/div><\/div><\/div><\/div><\/div><\/section>\n\n\n\n<section id=\"section-g-lbh7n6e\" class=\"wp-block-gutentor-gallery gutentor-section gutentor-gallery gutentor-gallery-wrapper enable-masonry gallery-template2 g-pos-r-desktop g-pos-d-tablet g-pos-d-mobile\"><div class=\"grid-container\"><div class=\"gutentor-block-header\"><div class=\"gutentor-section-title text-center\"><h2 class=\"gutentor-title\"><\/h2><\/div><\/div><div class=\"grid-row gutentor-grid-item-wrap full-width-row\"><div class=\"gutentor-gallery-item grid-lg-2 grid-md-4 grid-4\"><div class=\"gutentor-single-item gutentor-image gutentor-single-item-0\"><div class=\"gutentor-gallery-item-wrap\"><div class=\"gutentor-single-item-image-box\"><div class=\"gutentor-image-thumb\"><img data-recalc-dims=\"1\" fetchpriority=\"high\" decoding=\"async\" class=\"normal-image\" src=\"https:\/\/i0.wp.com\/www.paramedica.lt\/wp-content\/uploads\/2025\/03\/EB02.050_Front_Empty_01-625x794_0-e1743163002102.jpg?resize=625%2C590&#038;ssl=1\" alt=\"\" height=\"590\" width=\"625\"\/><div class=\"overlay\"><\/div><\/div><\/div><div class=\"gutentor-single-item-content\"><div class=\"gutentor-gallery-item-header\"><h4 class=\"gutentor-single-item-title\"><\/h4><a href=\"https:\/\/www.paramedica.lt\/wp-content\/uploads\/2025\/03\/EB02.050_Front_Empty_01-625x794_0-e1743163002102.jpg\" class=\"image-gallery\"><i class=\"gallery-icon fas fa-font-awesome-logo-full\"><\/i><\/a><\/div><div class=\"gutentor-gallery-item-desc\"><\/div><\/div><\/div><\/div><\/div><div class=\"gutentor-gallery-item grid-lg-2 grid-md-4 grid-4\"><div class=\"gutentor-single-item gutentor-image gutentor-single-item-1\"><div class=\"gutentor-gallery-item-wrap\"><div class=\"gutentor-single-item-image-box\"><div class=\"gutentor-image-thumb\"><img data-recalc-dims=\"1\" decoding=\"async\" class=\"normal-image\" src=\"https:\/\/i0.wp.com\/www.paramedica.lt\/wp-content\/uploads\/2025\/03\/EB02.050-625x794_0-e1743405791324.png?resize=625%2C406&#038;ssl=1\" alt=\"\" height=\"406\" width=\"625\"\/><div class=\"overlay\"><\/div><\/div><\/div><div class=\"gutentor-single-item-content\"><div class=\"gutentor-gallery-item-header\"><h4 class=\"gutentor-single-item-title\"><\/h4><a href=\"https:\/\/www.paramedica.lt\/wp-content\/uploads\/2025\/03\/EB02.050-625x794_0-e1743405791324.png\" class=\"image-gallery\"><i class=\"gallery-icon fas fa-font-awesome-logo-full\"><\/i><\/a><\/div><div class=\"gutentor-gallery-item-desc\"><\/div><\/div><\/div><\/div><\/div><\/div><\/div><\/section>\n\n\n\n<section id=\"ee1ad8\" class=\"section-ee1ad8 gutentor-module gutentor-module-accordion g-pos-r-desktop g-pos-d-tablet g-pos-d-mobile g-pos-custom-desktop\"><div class=\"grid-container\">\n<div id=\"cb1c6c\" class=\"wp-block-gutentor-m6-item section-cb1c6c gutentor-module gutentor-module-accordion-item\"><div class=\"gutentor-module-accordion-panel g-a-panel-ee1ad8\"><div tabindex=\"0\" class=\"gm-ah-ee1ad8 gutentor-module-accordion-item-heading gutentor-module-icon-position-right\"><span class=\"gutentor-module-accordion-panel-handler\" role=\"button\"><span class=\"gutentor-module-accordion-panel-handler-label\"><strong>Detalus<\/strong> <strong>apra\u0161ymas<\/strong><\/span><span class=\"gutentor-module-accordion-icon\"><i class=\"gm-aio-ee1ad8 gutentor-module-accordion-icon-open fas fa-plus\"><\/i><i class=\"gm-aic-ee1ad8 gutentor-module-accordion-icon-close fas fa-minus\"><\/i><\/span><\/span><\/div><div class=\"gm-ab-ee1ad8 gutentor-module-accordion-body\">\n<div id=\"section-g72290f\" class=\"wp-block-gutentor-e0 section-g72290f gutentor-element gutentor-element-advanced-text\"><div class=\"gutentor-text-wrap\"><p class=\"gutentor-text\">Liemen\u0117s ypatumai:<br>\u2022 Periferin\u0117s atspindin\u010dios juostos, leid\u017eian\u010dios ai\u0161kiai matyti.<br>\u2022 Priekyje, gale ir \u0161onuose MOLLE sistema \u012fvairi\u0173 papildom\u0173 d\u0117kl\u0173, bei priemoni\u0173 tvirtinimui<br>\u2022 Vidin\u0117 galin\u0117 ki\u0161en\u0117 hidrataciniam mai\u0161eliui su anga \u017earnai.<br>\u2022 Dvi i\u0161orin\u0117s ki\u0161en\u0117s \u012fvairioms priemon\u0117s ir gelb\u0117jimo \u017eirkl\u0117ms.<br>\u2022 Dvi didel\u0117s talpos vidin\u0117s priekin\u0117s ki\u0161en\u0117s dokumentams ar kitoms priemon\u0117ms.<br>\u2022 Galin\u0117 rankena, leid\u017eianti i\u0161traukti su\u017eeist\u0105 personal\u0105.<br>\u2022 Dviguba identifikavimo sistema nugaroje per velcro pleistrus.<br>\u2022 Pagaminta i\u0161 kv\u0117puojan\u010dio tinklo, kad neutralizuot\u0173 i\u0161orin\u0119 temperat\u016br\u0105.<br>\u2022 Pe\u010di\u0173 ir nugaros reguliavimo sistemos pritaikomos visiems dyd\u017eiams.<\/p><\/div><\/div>\n<\/div><\/div><\/div>\n\n\n\n<div id=\"b04c70\" class=\"wp-block-gutentor-m6-item section-b04c70 gutentor-module gutentor-module-accordion-item\"><div class=\"gutentor-module-accordion-panel g-a-panel-ee1ad8\"><div tabindex=\"0\" class=\"gm-ah-ee1ad8 gutentor-module-accordion-item-heading gutentor-module-icon-position-right\"><span class=\"gutentor-module-accordion-panel-handler\" role=\"button\"><span class=\"gutentor-module-accordion-panel-handler-label\"><strong>Techniniai parametrai<\/strong><\/span><span class=\"gutentor-module-accordion-icon\"><i class=\"gm-aio-ee1ad8 gutentor-module-accordion-icon-open fas fa-plus\"><\/i><i class=\"gm-aic-ee1ad8 gutentor-module-accordion-icon-close fas fa-minus\"><\/i><\/span><\/span><\/div><div class=\"gm-ab-ee1ad8 gutentor-module-accordion-body\">\n<div id=\"section-g45c243\" class=\"wp-block-gutentor-e0 section-g45c243 gutentor-element gutentor-element-advanced-text\"><div class=\"gutentor-text-wrap\"><p class=\"gutentor-text\">\u0160itam produktui n\u0117ra technini\u0173 parametr\u0173<\/p><\/div><\/div>\n<\/div><\/div><\/div>\n<\/div><\/section>\n","protected":false},"excerpt":{"rendered":"","protected":false},"author":1,"featured_media":0,"parent":0,"menu_order":0,"comment_status":"closed","ping_status":"closed","template":"","meta":{"footnotes":""},"class_list":["post-1596","page","type-page","status-publish","hentry"],"yoast_head":"<!-- This site is optimized with the Yoast SEO plugin v27.6 - https:\/\/yoast.com\/product\/yoast-seo-wordpress\/ -->\n<title>Taktin\u0117 liemen\u0117 E-VEST\u2019S red - Paramedica Lietuva. Universali liemen\u0117 su MOLLE<\/title>\n<meta name=\"description\" content=\"E-VESTS \u2013 kv\u0117puojan\u010dio tinklo taktin\u0117 liemen\u0117 su MOLLE sistema, atspindin\u010diomis juostomis ir hidratacijos mai\u0161elio skyriumi. Ideali greitosios pagalbos ir gelb\u0117jimo tarnyboms.\" \/>\n<meta name=\"robots\" content=\"index, follow, max-snippet:-1, max-image-preview:large, max-video-preview:-1\" \/>\n<link rel=\"canonical\" href=\"https:\/\/www.paramedica.lt\/index.php\/taktine-liemene-e-vests-red\/\" \/>\n<meta property=\"og:locale\" content=\"lt_LT\" \/>\n<meta property=\"og:type\" content=\"article\" \/>\n<meta property=\"og:title\" content=\"Taktin\u0117 liemen\u0117 E-VEST\u2019S red - Paramedica Lietuva. Universali liemen\u0117 su MOLLE\" \/>\n<meta property=\"og:description\" content=\"E-VESTS \u2013 kv\u0117puojan\u010dio tinklo taktin\u0117 liemen\u0117 su MOLLE sistema, atspindin\u010diomis juostomis ir hidratacijos mai\u0161elio skyriumi. Ideali greitosios pagalbos ir gelb\u0117jimo tarnyboms.\" \/>\n<meta property=\"og:url\" content=\"https:\/\/www.paramedica.lt\/index.php\/taktine-liemene-e-vests-red\/\" \/>\n<meta property=\"og:site_name\" content=\"Paramedica Lietuva\" \/>\n<meta property=\"article:modified_time\" content=\"2026-04-21T09:54:20+00:00\" \/>\n<meta property=\"og:image\" content=\"https:\/\/www.paramedica.lt\/wp-content\/uploads\/2025\/03\/EB02.050_Front_Empty_01-625x794_0-e1743163002102.jpg\" \/>\n<meta name=\"twitter:card\" content=\"summary_large_image\" \/>\n<meta name=\"twitter:label1\" content=\"Est. reading time\" \/>\n\t<meta name=\"twitter:data1\" content=\"1 minut\u0117\" \/>\n<script type=\"application\/ld+json\" class=\"yoast-schema-graph\">{\"@context\":\"https:\\\/\\\/schema.org\",\"@graph\":[{\"@type\":\"WebPage\",\"@id\":\"https:\\\/\\\/www.paramedica.lt\\\/index.php\\\/taktine-liemene-e-vests-red\\\/\",\"url\":\"https:\\\/\\\/www.paramedica.lt\\\/index.php\\\/taktine-liemene-e-vests-red\\\/\",\"name\":\"Taktin\u0117 liemen\u0117 E-VEST\u2019S red - Paramedica Lietuva. Universali liemen\u0117 su MOLLE\",\"isPartOf\":{\"@id\":\"https:\\\/\\\/www.paramedica.lt\\\/#website\"},\"primaryImageOfPage\":{\"@id\":\"https:\\\/\\\/www.paramedica.lt\\\/index.php\\\/taktine-liemene-e-vests-red\\\/#primaryimage\"},\"image\":{\"@id\":\"https:\\\/\\\/www.paramedica.lt\\\/index.php\\\/taktine-liemene-e-vests-red\\\/#primaryimage\"},\"thumbnailUrl\":\"https:\\\/\\\/www.paramedica.lt\\\/wp-content\\\/uploads\\\/2025\\\/03\\\/EB02.050_Front_Empty_01-625x794_0-e1743163002102.jpg\",\"datePublished\":\"2025-04-02T14:44:55+00:00\",\"dateModified\":\"2026-04-21T09:54:20+00:00\",\"description\":\"E-VESTS \u2013 kv\u0117puojan\u010dio tinklo taktin\u0117 liemen\u0117 su MOLLE sistema, atspindin\u010diomis juostomis ir hidratacijos mai\u0161elio skyriumi. Ideali greitosios pagalbos ir gelb\u0117jimo tarnyboms.\",\"breadcrumb\":{\"@id\":\"https:\\\/\\\/www.paramedica.lt\\\/index.php\\\/taktine-liemene-e-vests-red\\\/#breadcrumb\"},\"inLanguage\":\"lt-LT\",\"potentialAction\":[{\"@type\":\"ReadAction\",\"target\":[\"https:\\\/\\\/www.paramedica.lt\\\/index.php\\\/taktine-liemene-e-vests-red\\\/\"]}]},{\"@type\":\"ImageObject\",\"inLanguage\":\"lt-LT\",\"@id\":\"https:\\\/\\\/www.paramedica.lt\\\/index.php\\\/taktine-liemene-e-vests-red\\\/#primaryimage\",\"url\":\"https:\\\/\\\/www.paramedica.lt\\\/wp-content\\\/uploads\\\/2025\\\/03\\\/EB02.050_Front_Empty_01-625x794_0-e1743163002102.jpg\",\"contentUrl\":\"https:\\\/\\\/www.paramedica.lt\\\/wp-content\\\/uploads\\\/2025\\\/03\\\/EB02.050_Front_Empty_01-625x794_0-e1743163002102.jpg\"},{\"@type\":\"BreadcrumbList\",\"@id\":\"https:\\\/\\\/www.paramedica.lt\\\/index.php\\\/taktine-liemene-e-vests-red\\\/#breadcrumb\",\"itemListElement\":[{\"@type\":\"ListItem\",\"position\":1,\"name\":\"Paramedica\",\"item\":\"https:\\\/\\\/www.paramedica.lt\\\/\"},{\"@type\":\"ListItem\",\"position\":2,\"name\":\"Taktin\u0117 liemen\u0117 E-VEST\u2019S red\"}]},{\"@type\":\"WebSite\",\"@id\":\"https:\\\/\\\/www.paramedica.lt\\\/#website\",\"url\":\"https:\\\/\\\/www.paramedica.lt\\\/\",\"name\":\"Paramedica Lietuva\",\"description\":\"R\u016bpinam\u0117s teikian\u010diais pagalb\u0105\",\"publisher\":{\"@id\":\"https:\\\/\\\/www.paramedica.lt\\\/#organization\"},\"potentialAction\":[{\"@type\":\"SearchAction\",\"target\":{\"@type\":\"EntryPoint\",\"urlTemplate\":\"https:\\\/\\\/www.paramedica.lt\\\/?s={search_term_string}\"},\"query-input\":{\"@type\":\"PropertyValueSpecification\",\"valueRequired\":true,\"valueName\":\"search_term_string\"}}],\"inLanguage\":\"lt-LT\"},{\"@type\":\"Organization\",\"@id\":\"https:\\\/\\\/www.paramedica.lt\\\/#organization\",\"name\":\"Paramedica Lietuva\",\"url\":\"https:\\\/\\\/www.paramedica.lt\\\/\",\"logo\":{\"@type\":\"ImageObject\",\"inLanguage\":\"lt-LT\",\"@id\":\"https:\\\/\\\/www.paramedica.lt\\\/#\\\/schema\\\/logo\\\/image\\\/\",\"url\":\"https:\\\/\\\/i0.wp.com\\\/www.paramedica.lt\\\/wp-content\\\/uploads\\\/2021\\\/11\\\/logo_paramedica-lietuva.png?fit=216%2C116&ssl=1\",\"contentUrl\":\"https:\\\/\\\/i0.wp.com\\\/www.paramedica.lt\\\/wp-content\\\/uploads\\\/2021\\\/11\\\/logo_paramedica-lietuva.png?fit=216%2C116&ssl=1\",\"width\":216,\"height\":116,\"caption\":\"Paramedica Lietuva\"},\"image\":{\"@id\":\"https:\\\/\\\/www.paramedica.lt\\\/#\\\/schema\\\/logo\\\/image\\\/\"}}]}<\/script>\n<!-- \/ Yoast SEO plugin. -->","yoast_head_json":{"title":"Taktin\u0117 liemen\u0117 E-VEST\u2019S red - Paramedica Lietuva. Universali liemen\u0117 su MOLLE","description":"E-VESTS \u2013 kv\u0117puojan\u010dio tinklo taktin\u0117 liemen\u0117 su MOLLE sistema, atspindin\u010diomis juostomis ir hidratacijos mai\u0161elio skyriumi. Ideali greitosios pagalbos ir gelb\u0117jimo tarnyboms.","robots":{"index":"index","follow":"follow","max-snippet":"max-snippet:-1","max-image-preview":"max-image-preview:large","max-video-preview":"max-video-preview:-1"},"canonical":"https:\/\/www.paramedica.lt\/index.php\/taktine-liemene-e-vests-red\/","og_locale":"lt_LT","og_type":"article","og_title":"Taktin\u0117 liemen\u0117 E-VEST\u2019S red - Paramedica Lietuva. Universali liemen\u0117 su MOLLE","og_description":"E-VESTS \u2013 kv\u0117puojan\u010dio tinklo taktin\u0117 liemen\u0117 su MOLLE sistema, atspindin\u010diomis juostomis ir hidratacijos mai\u0161elio skyriumi. Ideali greitosios pagalbos ir gelb\u0117jimo tarnyboms.","og_url":"https:\/\/www.paramedica.lt\/index.php\/taktine-liemene-e-vests-red\/","og_site_name":"Paramedica Lietuva","article_modified_time":"2026-04-21T09:54:20+00:00","og_image":[{"url":"https:\/\/www.paramedica.lt\/wp-content\/uploads\/2025\/03\/EB02.050_Front_Empty_01-625x794_0-e1743163002102.jpg","type":"","width":"","height":""}],"twitter_card":"summary_large_image","twitter_misc":{"Est. reading time":"1 minut\u0117"},"schema":{"@context":"https:\/\/schema.org","@graph":[{"@type":"WebPage","@id":"https:\/\/www.paramedica.lt\/index.php\/taktine-liemene-e-vests-red\/","url":"https:\/\/www.paramedica.lt\/index.php\/taktine-liemene-e-vests-red\/","name":"Taktin\u0117 liemen\u0117 E-VEST\u2019S red - Paramedica Lietuva. Universali liemen\u0117 su MOLLE","isPartOf":{"@id":"https:\/\/www.paramedica.lt\/#website"},"primaryImageOfPage":{"@id":"https:\/\/www.paramedica.lt\/index.php\/taktine-liemene-e-vests-red\/#primaryimage"},"image":{"@id":"https:\/\/www.paramedica.lt\/index.php\/taktine-liemene-e-vests-red\/#primaryimage"},"thumbnailUrl":"https:\/\/www.paramedica.lt\/wp-content\/uploads\/2025\/03\/EB02.050_Front_Empty_01-625x794_0-e1743163002102.jpg","datePublished":"2025-04-02T14:44:55+00:00","dateModified":"2026-04-21T09:54:20+00:00","description":"E-VESTS \u2013 kv\u0117puojan\u010dio tinklo taktin\u0117 liemen\u0117 su MOLLE sistema, atspindin\u010diomis juostomis ir hidratacijos mai\u0161elio skyriumi. Ideali greitosios pagalbos ir gelb\u0117jimo tarnyboms.","breadcrumb":{"@id":"https:\/\/www.paramedica.lt\/index.php\/taktine-liemene-e-vests-red\/#breadcrumb"},"inLanguage":"lt-LT","potentialAction":[{"@type":"ReadAction","target":["https:\/\/www.paramedica.lt\/index.php\/taktine-liemene-e-vests-red\/"]}]},{"@type":"ImageObject","inLanguage":"lt-LT","@id":"https:\/\/www.paramedica.lt\/index.php\/taktine-liemene-e-vests-red\/#primaryimage","url":"https:\/\/www.paramedica.lt\/wp-content\/uploads\/2025\/03\/EB02.050_Front_Empty_01-625x794_0-e1743163002102.jpg","contentUrl":"https:\/\/www.paramedica.lt\/wp-content\/uploads\/2025\/03\/EB02.050_Front_Empty_01-625x794_0-e1743163002102.jpg"},{"@type":"BreadcrumbList","@id":"https:\/\/www.paramedica.lt\/index.php\/taktine-liemene-e-vests-red\/#breadcrumb","itemListElement":[{"@type":"ListItem","position":1,"name":"Paramedica","item":"https:\/\/www.paramedica.lt\/"},{"@type":"ListItem","position":2,"name":"Taktin\u0117 liemen\u0117 E-VEST\u2019S red"}]},{"@type":"WebSite","@id":"https:\/\/www.paramedica.lt\/#website","url":"https:\/\/www.paramedica.lt\/","name":"Paramedica Lietuva","description":"R\u016bpinam\u0117s teikian\u010diais pagalb\u0105","publisher":{"@id":"https:\/\/www.paramedica.lt\/#organization"},"potentialAction":[{"@type":"SearchAction","target":{"@type":"EntryPoint","urlTemplate":"https:\/\/www.paramedica.lt\/?s={search_term_string}"},"query-input":{"@type":"PropertyValueSpecification","valueRequired":true,"valueName":"search_term_string"}}],"inLanguage":"lt-LT"},{"@type":"Organization","@id":"https:\/\/www.paramedica.lt\/#organization","name":"Paramedica Lietuva","url":"https:\/\/www.paramedica.lt\/","logo":{"@type":"ImageObject","inLanguage":"lt-LT","@id":"https:\/\/www.paramedica.lt\/#\/schema\/logo\/image\/","url":"https:\/\/i0.wp.com\/www.paramedica.lt\/wp-content\/uploads\/2021\/11\/logo_paramedica-lietuva.png?fit=216%2C116&ssl=1","contentUrl":"https:\/\/i0.wp.com\/www.paramedica.lt\/wp-content\/uploads\/2021\/11\/logo_paramedica-lietuva.png?fit=216%2C116&ssl=1","width":216,"height":116,"caption":"Paramedica Lietuva"},"image":{"@id":"https:\/\/www.paramedica.lt\/#\/schema\/logo\/image\/"}}]}},"jetpack-related-posts":[{"id":1122,"url":"https:\/\/www.paramedica.lt\/index.php\/medicinine-apranga-kariuomenei\/","url_meta":{"origin":1596,"position":0},"title":"Medicinin\u0117 apranga kariuomenei","author":"admin","date":"5 kovo, 2025","format":false,"excerpt":"Taktin\u0117 liemen\u0117 E-VEST\u2019S black Taktin\u0117 liemen\u0117 E-VEST\u2019S orange Taktin\u0117 liemen\u0117 E-VEST\u2019S yellow Taktin\u0117 liemen\u0117 E-VEST\u2019S blue Taktin\u0117 liemen\u0117 E-VEST\u2019S red","rel":"","context":"Similar post","block_context":{"text":"Similar post","link":""},"img":{"alt_text":"","src":"","width":0,"height":0},"classes":[]},{"id":1120,"url":"https:\/\/www.paramedica.lt\/index.php\/medicinine-apranga-ligoninei\/","url_meta":{"origin":1596,"position":1},"title":"Medicinin\u0117 apranga ligoninei","author":"admin","date":"5 kovo, 2025","format":false,"excerpt":"Taktin\u0117 liemen\u0117 E-VEST\u2019S black Taktin\u0117 liemen\u0117 E-VEST\u2019S orange Taktin\u0117 liemen\u0117 E-VEST\u2019S yellow Taktin\u0117 liemen\u0117 E-VEST\u2019S blue Taktin\u0117 liemen\u0117 E-VEST\u2019S red","rel":"","context":"Similar post","block_context":{"text":"Similar post","link":""},"img":{"alt_text":"","src":"","width":0,"height":0},"classes":[]},{"id":950,"url":"https:\/\/www.paramedica.lt\/index.php\/medicinine-apranga-gmp\/","url_meta":{"origin":1596,"position":2},"title":"Medicinin\u0117 apranga GMP","author":"admin","date":"5 kovo, 2025","format":false,"excerpt":"Taktin\u0117 liemen\u0117 E-VEST\u2019S black Taktin\u0117 liemen\u0117 E-VEST\u2019S orange Taktin\u0117 liemen\u0117 E-VEST\u2019S yellow Taktin\u0117 liemen\u0117 E-VEST\u2019S blue Taktin\u0117 liemen\u0117 E-VEST\u2019S red","rel":"","context":"Similar post","block_context":{"text":"Similar post","link":""},"img":{"alt_text":"","src":"","width":0,"height":0},"classes":[]},{"id":1586,"url":"https:\/\/www.paramedica.lt\/index.php\/taktine-liemene-e-vests-yellow\/","url_meta":{"origin":1596,"position":3},"title":"Taktin\u0117 liemen\u0117 E-VEST\u2019S yellow","author":"admin","date":"2 baland\u017eio, 2025","format":false,"excerpt":"Taktin\u0117 liemen\u0117 E-VEST\u2019S yellowUniversali taktin\u0117 liemen\u0117. Dviej\u0173 dyd\u017ei\u0173, nuo S iki M ir nuo L iki XL. Sukurta i\u0161 tinklinio audinio su gerai matoma atspindin\u010dia juosta aplink. Yra dvi i\u0161orin\u0117s priekin\u0117s ki\u0161en\u0117s \u012fvairioms priemon\u0117ms, dvi didel\u0117s talpos vidin\u0117s plok\u0161\u010dios ki\u0161en\u0117s, bei vidinis skyrius nugaroje hidrataciniam mai\u0161ui. \u0160onuose yra MOLLE sistema\u2026","rel":"","context":"Similar post","block_context":{"text":"Similar post","link":""},"img":{"alt_text":"","src":"https:\/\/i0.wp.com\/www.paramedica.lt\/wp-content\/uploads\/2025\/03\/01-EB02.058-Evests_chaleco-EMT-elite-bags-front-625x794_0-e1743163087605.jpg?resize=350%2C200&ssl=1","width":350,"height":200,"srcset":"https:\/\/i0.wp.com\/www.paramedica.lt\/wp-content\/uploads\/2025\/03\/01-EB02.058-Evests_chaleco-EMT-elite-bags-front-625x794_0-e1743163087605.jpg?resize=350%2C200&ssl=1 1x, https:\/\/i0.wp.com\/www.paramedica.lt\/wp-content\/uploads\/2025\/03\/01-EB02.058-Evests_chaleco-EMT-elite-bags-front-625x794_0-e1743163087605.jpg?resize=525%2C300&ssl=1 1.5x"},"classes":[]},{"id":1587,"url":"https:\/\/www.paramedica.lt\/index.php\/taktine-liemene-e-vests-blue\/","url_meta":{"origin":1596,"position":4},"title":"Taktin\u0117 liemen\u0117 E-VEST\u2019S blue","author":"admin","date":"2 baland\u017eio, 2025","format":false,"excerpt":"Taktin\u0117 liemen\u0117 E-VEST\u2019S blueUniversali taktin\u0117 liemen\u0117. Dviej\u0173 dyd\u017ei\u0173, nuo S iki M ir nuo L iki XL. Sukurta i\u0161 tinklinio audinio su gerai matoma atspindin\u010dia juosta aplink. Yra dvi i\u0161orin\u0117s priekin\u0117s ki\u0161en\u0117s \u012fvairioms priemon\u0117ms, dvi didel\u0117s talpos vidin\u0117s plok\u0161\u010dios ki\u0161en\u0117s, bei vidinis skyrius nugaroje hidrataciniam mai\u0161ui. \u0160onuose yra MOLLE sistema\u2026","rel":"","context":"Similar post","block_context":{"text":"Similar post","link":""},"img":{"alt_text":"","src":"https:\/\/i0.wp.com\/www.paramedica.lt\/wp-content\/uploads\/2025\/03\/front-625x794_0-e1743163113746.png?resize=350%2C200&ssl=1","width":350,"height":200,"srcset":"https:\/\/i0.wp.com\/www.paramedica.lt\/wp-content\/uploads\/2025\/03\/front-625x794_0-e1743163113746.png?resize=350%2C200&ssl=1 1x, https:\/\/i0.wp.com\/www.paramedica.lt\/wp-content\/uploads\/2025\/03\/front-625x794_0-e1743163113746.png?resize=525%2C300&ssl=1 1.5x"},"classes":[]},{"id":1582,"url":"https:\/\/www.paramedica.lt\/index.php\/taktine-liemene-e-vests-black\/","url_meta":{"origin":1596,"position":5},"title":"Taktin\u0117 liemen\u0117 E-VEST\u2019S black","author":"admin","date":"2 baland\u017eio, 2025","format":false,"excerpt":"Taktin\u0117 liemen\u0117 E-VEST\u2019S blackUniversali taktin\u0117 liemen\u0117. Dviej\u0173 dyd\u017ei\u0173, nuo S iki M ir nuo L iki XL. Sukurta i\u0161 tinklinio audinio su gerai matoma atspindin\u010dia juosta aplink. Yra dvi i\u0161orin\u0117s priekin\u0117s ki\u0161en\u0117s \u012fvairioms priemon\u0117ms, dvi didel\u0117s talpos vidin\u0117s plok\u0161\u010dios ki\u0161en\u0117s, bei vidinis skyrius nugaroje hidrataciniam mai\u0161ui. \u0160onuose yra MOLLE sistema\u2026","rel":"","context":"Similar post","block_context":{"text":"Similar post","link":""},"img":{"alt_text":"","src":"https:\/\/i0.wp.com\/www.paramedica.lt\/wp-content\/uploads\/2025\/03\/EB02.050-625x794_0-e1743405791324.png?resize=350%2C200&ssl=1","width":350,"height":200,"srcset":"https:\/\/i0.wp.com\/www.paramedica.lt\/wp-content\/uploads\/2025\/03\/EB02.050-625x794_0-e1743405791324.png?resize=350%2C200&ssl=1 1x, https:\/\/i0.wp.com\/www.paramedica.lt\/wp-content\/uploads\/2025\/03\/EB02.050-625x794_0-e1743405791324.png?resize=525%2C300&ssl=1 1.5x"},"classes":[]}],"jetpack_sharing_enabled":true,"_links":{"self":[{"href":"https:\/\/www.paramedica.lt\/index.php\/wp-json\/wp\/v2\/pages\/1596","targetHints":{"allow":["GET"]}}],"collection":[{"href":"https:\/\/www.paramedica.lt\/index.php\/wp-json\/wp\/v2\/pages"}],"about":[{"href":"https:\/\/www.paramedica.lt\/index.php\/wp-json\/wp\/v2\/types\/page"}],"author":[{"embeddable":true,"href":"https:\/\/www.paramedica.lt\/index.php\/wp-json\/wp\/v2\/users\/1"}],"replies":[{"embeddable":true,"href":"https:\/\/www.paramedica.lt\/index.php\/wp-json\/wp\/v2\/comments?post=1596"}],"version-history":[{"count":7,"href":"https:\/\/www.paramedica.lt\/index.php\/wp-json\/wp\/v2\/pages\/1596\/revisions"}],"predecessor-version":[{"id":4086,"href":"https:\/\/www.paramedica.lt\/index.php\/wp-json\/wp\/v2\/pages\/1596\/revisions\/4086"}],"wp:attachment":[{"href":"https:\/\/www.paramedica.lt\/index.php\/wp-json\/wp\/v2\/media?parent=1596"}],"curies":[{"name":"wp","href":"https:\/\/api.w.org\/{rel}","templated":true}]}}